{"id":1376,"date":"2019-10-02T15:56:11","date_gmt":"2019-10-02T13:56:11","guid":{"rendered":"http:\/\/www.cellarview.ch\/?page_id=1376"},"modified":"2025-10-22T15:08:53","modified_gmt":"2025-10-22T13:08:53","slug":"english-ww-051","status":"publish","type":"page","link":"https:\/\/www.cellarview.ch\/fr\/cellarview-ii\/rack-noir-ii\/english-ww-051\/","title":{"rendered":"WW-05-K"},"content":{"rendered":"<p><\/p>\n<p class=\"tw-data-text tw-text-large tw-ta\" dir=\"ltr\" style=\"text-align: justify;\" data-placeholder=\"Traduction\"><span lang=\"fr\" tabindex=\"0\">Le <strong>CellarView II S\u00e9rie 05-K<\/strong> est un support \u00e0 bouteilles d&rsquo;une hauteur maximale d&rsquo;une bouteille (12,7 cm) et de 1 \u00e0 3 bouteilles en profondeur qui constitue un \u00e9l\u00e9ment id\u00e9al pour les bars et autres petits projets. Il peut \u00e9galement \u00eatre align\u00e9 avec d&rsquo;autres supports qui <\/span><span lang=\"fr\" tabindex=\"0\">vous permet de cr\u00e9er un affichage personnalis\u00e9 en fonction de votre espace.<\/span><\/p>\n<p><strong>WW-051-K : 3 bouteilles (1-profondeur)<\/strong><\/p>\n<p><span lang=\"fr\" tabindex=\"0\"><img decoding=\"async\" loading=\"lazy\" class=\"alignnone wp-image-1672 \" src=\"https:\/\/www.cellarview.ch\/wp-content\/uploads\/2021\/09\/WW-051-KKa.jpg\" alt=\"\" width=\"484\" height=\"154\" srcset=\"https:\/\/www.cellarview.ch\/wp-content\/uploads\/2021\/09\/WW-051-KKa.jpg 1173w, https:\/\/www.cellarview.ch\/wp-content\/uploads\/2021\/09\/WW-051-KKa-300x95.jpg 300w, https:\/\/www.cellarview.ch\/wp-content\/uploads\/2021\/09\/WW-051-KKa-768x244.jpg 768w, https:\/\/www.cellarview.ch\/wp-content\/uploads\/2021\/09\/WW-051-KKa-1024x325.jpg 1024w\" sizes=\"(max-width: 484px) 100vw, 484px\" \/><\/span><\/p>\n<p><strong>WW-052-K : 6 bouteilles (2-profondeurs)<\/strong><\/p>\n<p><span lang=\"fr\" tabindex=\"0\"><img decoding=\"async\" loading=\"lazy\" class=\"alignnone wp-image-1673\" src=\"https:\/\/www.cellarview.ch\/wp-content\/uploads\/2021\/09\/WW-052-KKa.jpg\" alt=\"\" width=\"486\" height=\"156\" srcset=\"https:\/\/www.cellarview.ch\/wp-content\/uploads\/2021\/09\/WW-052-KKa.jpg 1180w, https:\/\/www.cellarview.ch\/wp-content\/uploads\/2021\/09\/WW-052-KKa-300x96.jpg 300w, https:\/\/www.cellarview.ch\/wp-content\/uploads\/2021\/09\/WW-052-KKa-768x247.jpg 768w, https:\/\/www.cellarview.ch\/wp-content\/uploads\/2021\/09\/WW-052-KKa-1024x329.jpg 1024w\" sizes=\"(max-width: 486px) 100vw, 486px\" \/><\/span><\/p>\n<p><strong>WW-053-K : 9 bouteilles (3-profondeurs)<\/strong><\/p>\n<p><img decoding=\"async\" loading=\"lazy\" class=\"alignnone wp-image-1674\" src=\"https:\/\/www.cellarview.ch\/wp-content\/uploads\/2021\/09\/WW-053-KKa.jpg\" alt=\"\" width=\"530\" height=\"157\" srcset=\"https:\/\/www.cellarview.ch\/wp-content\/uploads\/2021\/09\/WW-053-KKa.jpg 1196w, https:\/\/www.cellarview.ch\/wp-content\/uploads\/2021\/09\/WW-053-KKa-300x89.jpg 300w, https:\/\/www.cellarview.ch\/wp-content\/uploads\/2021\/09\/WW-053-KKa-768x227.jpg 768w, https:\/\/www.cellarview.ch\/wp-content\/uploads\/2021\/09\/WW-053-KKa-1024x303.jpg 1024w\" sizes=\"(max-width: 530px) 100vw, 530px\" \/><\/p>\n<p dir=\"ltr\" data-placeholder=\"Traduction\">\n<p><\/p>","protected":false},"excerpt":{"rendered":"<p>Le CellarView II S\u00e9rie 05-K est un support \u00e0 bouteilles d&rsquo;une hauteur maximale d&rsquo;une bouteille (12,7 cm) et de 1 \u00e0 3 bouteilles en profondeur qui constitue un \u00e9l\u00e9ment id\u00e9al pour les bars et autres petits projets. Il peut \u00e9galement \u00eatre align\u00e9 avec d&rsquo;autres supports qui vous permet de cr\u00e9er un affichage personnalis\u00e9 en fonction &hellip; <a href=\"https:\/\/www.cellarview.ch\/fr\/cellarview-ii\/rack-noir-ii\/english-ww-051\/\" class=\"more-link\">Continuer la lecture<span class=\"screen-reader-text\"> de <span class=\"screen-reader-text\">WW-05-K<\/span><\/span>&nbsp;<span class=\"meta-nav\">&rarr;<\/span><\/a><\/p>\n","protected":false},"author":1,"featured_media":0,"parent":1921,"menu_order":1,"comment_status":"closed","ping_status":"closed","template":"","meta":[],"_links":{"self":[{"href":"https:\/\/www.cellarview.ch\/fr\/wp-json\/wp\/v2\/pages\/1376"}],"collection":[{"href":"https:\/\/www.cellarview.ch\/fr\/wp-json\/wp\/v2\/pages"}],"about":[{"href":"https:\/\/www.cellarview.ch\/fr\/wp-json\/wp\/v2\/types\/page"}],"author":[{"embeddable":true,"href":"https:\/\/www.cellarview.ch\/fr\/wp-json\/wp\/v2\/users\/1"}],"replies":[{"embeddable":true,"href":"https:\/\/www.cellarview.ch\/fr\/wp-json\/wp\/v2\/comments?post=1376"}],"version-history":[{"count":17,"href":"https:\/\/www.cellarview.ch\/fr\/wp-json\/wp\/v2\/pages\/1376\/revisions"}],"predecessor-version":[{"id":2053,"href":"https:\/\/www.cellarview.ch\/fr\/wp-json\/wp\/v2\/pages\/1376\/revisions\/2053"}],"up":[{"embeddable":true,"href":"https:\/\/www.cellarview.ch\/fr\/wp-json\/wp\/v2\/pages\/1921"}],"wp:attachment":[{"href":"https:\/\/www.cellarview.ch\/fr\/wp-json\/wp\/v2\/media?parent=1376"}],"curies":[{"name":"wp","href":"https:\/\/api.w.org\/{rel}","templated":true}]}}