{"id":1406,"date":"2019-10-03T11:52:49","date_gmt":"2019-10-03T09:52:49","guid":{"rendered":"http:\/\/www.cellarview.ch\/?page_id=1406"},"modified":"2025-10-23T10:59:21","modified_gmt":"2025-10-23T08:59:21","slug":"ww-15-k","status":"publish","type":"page","link":"https:\/\/www.cellarview.ch\/fr\/cellarview-ii\/rack-noir-ii\/ww-15-k\/","title":{"rendered":"WW-15-K"},"content":{"rendered":"<p><\/p>\n<p class=\"tw-data-text tw-text-large tw-ta\" dir=\"ltr\" style=\"text-align: justify;\" data-placeholder=\"Traduction\"><span lang=\"fr\" tabindex=\"0\">Le <strong>CellarView II S\u00e9rie 15-K<\/strong> est un support \u00e0 bouteilles d\u2019une hauteur maximale de trois bouteilles (38,1 cm) et de 1 \u00e0 3 bouteilles en profondeur qui constitue un \u00e9l\u00e9ment id\u00e9al pour les bars et autres petits projets. Il peut \u00e9galement \u00eatre align\u00e9 avec d\u2019autres qui <\/span><span lang=\"fr\" tabindex=\"0\">vous permet de cr\u00e9er un affichage personnalis\u00e9 en fonction de votre espace.<\/span><\/p>\n<p><strong>WW-151-K : 9 bouteilles (1-profondeur)<\/strong><\/p>\n<p><span lang=\"fr\" tabindex=\"0\"><img decoding=\"async\" loading=\"lazy\" class=\"alignnone wp-image-1685\" src=\"https:\/\/www.cellarview.ch\/wp-content\/uploads\/2021\/09\/WW-151-KKa.jpg\" alt=\"\" width=\"515\" height=\"248\" srcset=\"https:\/\/www.cellarview.ch\/wp-content\/uploads\/2021\/09\/WW-151-KKa.jpg 1070w, https:\/\/www.cellarview.ch\/wp-content\/uploads\/2021\/09\/WW-151-KKa-300x145.jpg 300w, https:\/\/www.cellarview.ch\/wp-content\/uploads\/2021\/09\/WW-151-KKa-768x370.jpg 768w, https:\/\/www.cellarview.ch\/wp-content\/uploads\/2021\/09\/WW-151-KKa-1024x494.jpg 1024w\" sizes=\"(max-width: 515px) 100vw, 515px\" \/><\/span><\/p>\n<p><strong>WW-152-K : 18 bouteilles (2-profondeurs)<\/strong><\/p>\n<p><img decoding=\"async\" loading=\"lazy\" class=\"alignnone wp-image-1686\" src=\"https:\/\/www.cellarview.ch\/wp-content\/uploads\/2021\/09\/WW-152-KKa.jpg\" alt=\"\" width=\"518\" height=\"246\" srcset=\"https:\/\/www.cellarview.ch\/wp-content\/uploads\/2021\/09\/WW-152-KKa.jpg 1137w, https:\/\/www.cellarview.ch\/wp-content\/uploads\/2021\/09\/WW-152-KKa-300x143.jpg 300w, https:\/\/www.cellarview.ch\/wp-content\/uploads\/2021\/09\/WW-152-KKa-768x365.jpg 768w, https:\/\/www.cellarview.ch\/wp-content\/uploads\/2021\/09\/WW-152-KKa-1024x487.jpg 1024w\" sizes=\"(max-width: 518px) 100vw, 518px\" \/><\/p>\n<p><strong>WW-153-K : 27 bouteilles (3-profondeurs)<\/strong><\/p>\n<p><img decoding=\"async\" loading=\"lazy\" class=\"alignnone wp-image-1687\" src=\"https:\/\/www.cellarview.ch\/wp-content\/uploads\/2021\/09\/WW-153-KKa.jpg\" alt=\"\" width=\"518\" height=\"235\" srcset=\"https:\/\/www.cellarview.ch\/wp-content\/uploads\/2021\/09\/WW-153-KKa.jpg 1143w, https:\/\/www.cellarview.ch\/wp-content\/uploads\/2021\/09\/WW-153-KKa-300x136.jpg 300w, https:\/\/www.cellarview.ch\/wp-content\/uploads\/2021\/09\/WW-153-KKa-768x349.jpg 768w, https:\/\/www.cellarview.ch\/wp-content\/uploads\/2021\/09\/WW-153-KKa-1024x465.jpg 1024w\" sizes=\"(max-width: 518px) 100vw, 518px\" \/><\/p>\n<p>&nbsp;<\/p>","protected":false},"excerpt":{"rendered":"<p>Le CellarView II S\u00e9rie 15-K est un support \u00e0 bouteilles d\u2019une hauteur maximale de trois bouteilles (38,1 cm) et de 1 \u00e0 3 bouteilles en profondeur qui constitue un \u00e9l\u00e9ment id\u00e9al pour les bars et autres petits projets. Il peut \u00e9galement \u00eatre align\u00e9 avec d\u2019autres qui vous permet de cr\u00e9er un affichage personnalis\u00e9 en fonction &hellip; <a href=\"https:\/\/www.cellarview.ch\/fr\/cellarview-ii\/rack-noir-ii\/ww-15-k\/\" class=\"more-link\">Continuer la lecture<span class=\"screen-reader-text\"> de <span class=\"screen-reader-text\">WW-15-K<\/span><\/span>&nbsp;<span class=\"meta-nav\">&rarr;<\/span><\/a><\/p>\n","protected":false},"author":1,"featured_media":0,"parent":1921,"menu_order":2,"comment_status":"closed","ping_status":"closed","template":"","meta":[],"_links":{"self":[{"href":"https:\/\/www.cellarview.ch\/fr\/wp-json\/wp\/v2\/pages\/1406"}],"collection":[{"href":"https:\/\/www.cellarview.ch\/fr\/wp-json\/wp\/v2\/pages"}],"about":[{"href":"https:\/\/www.cellarview.ch\/fr\/wp-json\/wp\/v2\/types\/page"}],"author":[{"embeddable":true,"href":"https:\/\/www.cellarview.ch\/fr\/wp-json\/wp\/v2\/users\/1"}],"replies":[{"embeddable":true,"href":"https:\/\/www.cellarview.ch\/fr\/wp-json\/wp\/v2\/comments?post=1406"}],"version-history":[{"count":7,"href":"https:\/\/www.cellarview.ch\/fr\/wp-json\/wp\/v2\/pages\/1406\/revisions"}],"predecessor-version":[{"id":2054,"href":"https:\/\/www.cellarview.ch\/fr\/wp-json\/wp\/v2\/pages\/1406\/revisions\/2054"}],"up":[{"embeddable":true,"href":"https:\/\/www.cellarview.ch\/fr\/wp-json\/wp\/v2\/pages\/1921"}],"wp:attachment":[{"href":"https:\/\/www.cellarview.ch\/fr\/wp-json\/wp\/v2\/media?parent=1406"}],"curies":[{"name":"wp","href":"https:\/\/api.w.org\/{rel}","templated":true}]}}