{"id":1425,"date":"2019-10-03T13:13:19","date_gmt":"2019-10-03T11:13:19","guid":{"rendered":"http:\/\/www.cellarview.ch\/?page_id=1425"},"modified":"2025-10-23T11:00:16","modified_gmt":"2025-10-23T09:00:16","slug":"ww-30-k","status":"publish","type":"page","link":"https:\/\/www.cellarview.ch\/fr\/cellarview-ii\/rack-noir-ii\/ww-30-k\/","title":{"rendered":"WW-30-K"},"content":{"rendered":"<p><\/p>\n<p class=\"tw-data-text tw-text-large tw-ta\" dir=\"ltr\" style=\"text-align: justify;\" data-placeholder=\"Traduction\"><span lang=\"fr\" tabindex=\"0\">Le <strong>CellarView II S\u00e9rie 30-K<\/strong> est un support \u00e0 bouteilles d\u2019une hauteur maximale de six bouteilles (76,2 cm) et de 1 \u00e0 3 bouteilles en profondeur qui constitue un \u00e9l\u00e9ment id\u00e9al pour les bars et autres petits projets. Il peut \u00e9galement \u00eatre align\u00e9 avec d\u2019autres qui <\/span><span lang=\"fr\" tabindex=\"0\">vous permet de cr\u00e9er un affichage personnalis\u00e9 en fonction de votre espace.<\/span><\/p>\n<p><strong>WW-301-K : 18 bouteilles (1-profondeur)<\/strong><\/p>\n<p><img decoding=\"async\" loading=\"lazy\" class=\"alignnone wp-image-1696\" src=\"https:\/\/www.cellarview.ch\/wp-content\/uploads\/2021\/09\/WW-301-KKa.jpg\" alt=\"\" width=\"509\" height=\"458\" srcset=\"https:\/\/www.cellarview.ch\/wp-content\/uploads\/2021\/09\/WW-301-KKa.jpg 733w, https:\/\/www.cellarview.ch\/wp-content\/uploads\/2021\/09\/WW-301-KKa-300x270.jpg 300w\" sizes=\"(max-width: 509px) 100vw, 509px\" \/><\/p>\n<p><strong>WW-302-K : 36 bouteilles (2-profondeurs)<\/strong><\/p>\n<p><img decoding=\"async\" loading=\"lazy\" class=\"alignnone wp-image-1697\" src=\"https:\/\/www.cellarview.ch\/wp-content\/uploads\/2021\/09\/WW-302-KKa.jpg\" alt=\"\" width=\"508\" height=\"423\" srcset=\"https:\/\/www.cellarview.ch\/wp-content\/uploads\/2021\/09\/WW-302-KKa.jpg 785w, https:\/\/www.cellarview.ch\/wp-content\/uploads\/2021\/09\/WW-302-KKa-300x250.jpg 300w, https:\/\/www.cellarview.ch\/wp-content\/uploads\/2021\/09\/WW-302-KKa-768x640.jpg 768w\" sizes=\"(max-width: 508px) 100vw, 508px\" \/><\/p>\n<p><strong>WW-303-K : 54 bouteilles (3-profondeurs)<\/strong><\/p>\n<p><img decoding=\"async\" loading=\"lazy\" class=\"alignnone wp-image-1698\" src=\"https:\/\/www.cellarview.ch\/wp-content\/uploads\/2021\/09\/WW-303-KKa.jpg\" alt=\"\" width=\"512\" height=\"419\" srcset=\"https:\/\/www.cellarview.ch\/wp-content\/uploads\/2021\/09\/WW-303-KKa.jpg 816w, https:\/\/www.cellarview.ch\/wp-content\/uploads\/2021\/09\/WW-303-KKa-300x245.jpg 300w, https:\/\/www.cellarview.ch\/wp-content\/uploads\/2021\/09\/WW-303-KKa-768x628.jpg 768w\" sizes=\"(max-width: 512px) 100vw, 512px\" \/><\/p>\n<p>&nbsp;<\/p>\n<p>&nbsp;<\/p>","protected":false},"excerpt":{"rendered":"<p>Le CellarView II S\u00e9rie 30-K est un support \u00e0 bouteilles d\u2019une hauteur maximale de six bouteilles (76,2 cm) et de 1 \u00e0 3 bouteilles en profondeur qui constitue un \u00e9l\u00e9ment id\u00e9al pour les bars et autres petits projets. Il peut \u00e9galement \u00eatre align\u00e9 avec d\u2019autres qui vous permet de cr\u00e9er un affichage personnalis\u00e9 en fonction &hellip; <a href=\"https:\/\/www.cellarview.ch\/fr\/cellarview-ii\/rack-noir-ii\/ww-30-k\/\" class=\"more-link\">Continuer la lecture<span class=\"screen-reader-text\"> de <span class=\"screen-reader-text\">WW-30-K<\/span><\/span>&nbsp;<span class=\"meta-nav\">&rarr;<\/span><\/a><\/p>\n","protected":false},"author":1,"featured_media":0,"parent":1921,"menu_order":3,"comment_status":"closed","ping_status":"closed","template":"","meta":[],"_links":{"self":[{"href":"https:\/\/www.cellarview.ch\/fr\/wp-json\/wp\/v2\/pages\/1425"}],"collection":[{"href":"https:\/\/www.cellarview.ch\/fr\/wp-json\/wp\/v2\/pages"}],"about":[{"href":"https:\/\/www.cellarview.ch\/fr\/wp-json\/wp\/v2\/types\/page"}],"author":[{"embeddable":true,"href":"https:\/\/www.cellarview.ch\/fr\/wp-json\/wp\/v2\/users\/1"}],"replies":[{"embeddable":true,"href":"https:\/\/www.cellarview.ch\/fr\/wp-json\/wp\/v2\/comments?post=1425"}],"version-history":[{"count":5,"href":"https:\/\/www.cellarview.ch\/fr\/wp-json\/wp\/v2\/pages\/1425\/revisions"}],"predecessor-version":[{"id":2029,"href":"https:\/\/www.cellarview.ch\/fr\/wp-json\/wp\/v2\/pages\/1425\/revisions\/2029"}],"up":[{"embeddable":true,"href":"https:\/\/www.cellarview.ch\/fr\/wp-json\/wp\/v2\/pages\/1921"}],"wp:attachment":[{"href":"https:\/\/www.cellarview.ch\/fr\/wp-json\/wp\/v2\/media?parent=1425"}],"curies":[{"name":"wp","href":"https:\/\/api.w.org\/{rel}","templated":true}]}}