{"id":1439,"date":"2019-10-03T13:31:08","date_gmt":"2019-10-03T11:31:08","guid":{"rendered":"http:\/\/www.cellarview.ch\/?page_id=1439"},"modified":"2025-10-23T11:00:48","modified_gmt":"2025-10-23T09:00:48","slug":"ww-45-k","status":"publish","type":"page","link":"https:\/\/www.cellarview.ch\/fr\/cellarview-ii\/rack-noir-ii\/ww-45-k\/","title":{"rendered":"WW-45-K"},"content":{"rendered":"<p><\/p>\n<p class=\"tw-data-text tw-text-large tw-ta\" dir=\"ltr\" style=\"text-align: justify;\" data-placeholder=\"Traduction\"><span lang=\"fr\" tabindex=\"0\">Le <strong>CellarView II S\u00e9rie 45-K<\/strong> est un support \u00e0 bouteilles d\u2019une hauteur maximale de neuf bouteilles (114,3 cm) et de 1 \u00e0 3 bouteilles en profondeur qui constitue un \u00e9l\u00e9ment id\u00e9al pour les bars et autres petits projets. Il peut \u00e9galement \u00eatre align\u00e9 avec d\u2019autres qui <\/span><span lang=\"fr\" tabindex=\"0\">vous permet de cr\u00e9er un affichage personnalis\u00e9 en fonction de votre espace.<\/span><\/p>\n<p><strong>WW-451-K : 27 bouteilles (1-profondeur)<\/strong><\/p>\n<p><span lang=\"fr\" tabindex=\"0\"><img decoding=\"async\" loading=\"lazy\" class=\"alignnone wp-image-1704\" src=\"https:\/\/www.cellarview.ch\/wp-content\/uploads\/2021\/09\/WW-451-KKa.jpg\" alt=\"\" width=\"490\" height=\"621\" srcset=\"https:\/\/www.cellarview.ch\/wp-content\/uploads\/2021\/09\/WW-451-KKa.jpg 891w, https:\/\/www.cellarview.ch\/wp-content\/uploads\/2021\/09\/WW-451-KKa-237x300.jpg 237w, https:\/\/www.cellarview.ch\/wp-content\/uploads\/2021\/09\/WW-451-KKa-768x973.jpg 768w, https:\/\/www.cellarview.ch\/wp-content\/uploads\/2021\/09\/WW-451-KKa-808x1024.jpg 808w\" sizes=\"(max-width: 490px) 100vw, 490px\" \/><\/span><\/p>\n<p>&nbsp;<\/p>\n<p><strong>WW-452-K : 54 bouteilles (2-profondeurs)<\/strong><\/p>\n<p><img decoding=\"async\" loading=\"lazy\" class=\"alignnone wp-image-1705\" src=\"https:\/\/www.cellarview.ch\/wp-content\/uploads\/2021\/09\/WW-452-KKa.jpg\" alt=\"\" width=\"491\" height=\"608\" srcset=\"https:\/\/www.cellarview.ch\/wp-content\/uploads\/2021\/09\/WW-452-KKa.jpg 879w, https:\/\/www.cellarview.ch\/wp-content\/uploads\/2021\/09\/WW-452-KKa-242x300.jpg 242w, https:\/\/www.cellarview.ch\/wp-content\/uploads\/2021\/09\/WW-452-KKa-768x951.jpg 768w, https:\/\/www.cellarview.ch\/wp-content\/uploads\/2021\/09\/WW-452-KKa-827x1024.jpg 827w\" sizes=\"(max-width: 491px) 100vw, 491px\" \/><\/p>\n<p><strong>WW-453-K : 81 bouteilles (3-profondeurs)<\/strong><\/p>\n<p><img decoding=\"async\" loading=\"lazy\" class=\"alignnone wp-image-1706\" src=\"https:\/\/www.cellarview.ch\/wp-content\/uploads\/2021\/09\/WW-453-KKa.jpg\" alt=\"\" width=\"498\" height=\"581\" srcset=\"https:\/\/www.cellarview.ch\/wp-content\/uploads\/2021\/09\/WW-453-KKa.jpg 933w, https:\/\/www.cellarview.ch\/wp-content\/uploads\/2021\/09\/WW-453-KKa-257x300.jpg 257w, https:\/\/www.cellarview.ch\/wp-content\/uploads\/2021\/09\/WW-453-KKa-768x896.jpg 768w, https:\/\/www.cellarview.ch\/wp-content\/uploads\/2021\/09\/WW-453-KKa-877x1024.jpg 877w\" sizes=\"(max-width: 498px) 100vw, 498px\" \/><\/p>\n<p>&nbsp;<\/p>\n<p>&nbsp;<\/p>\n<p>&nbsp;<\/p>\n<p>&nbsp;<\/p>","protected":false},"excerpt":{"rendered":"<p>Le CellarView II S\u00e9rie 45-K est un support \u00e0 bouteilles d\u2019une hauteur maximale de neuf bouteilles (114,3 cm) et de 1 \u00e0 3 bouteilles en profondeur qui constitue un \u00e9l\u00e9ment id\u00e9al pour les bars et autres petits projets. Il peut \u00e9galement \u00eatre align\u00e9 avec d\u2019autres qui vous permet de cr\u00e9er un affichage personnalis\u00e9 en fonction &hellip; <a href=\"https:\/\/www.cellarview.ch\/fr\/cellarview-ii\/rack-noir-ii\/ww-45-k\/\" class=\"more-link\">Continuer la lecture<span class=\"screen-reader-text\"> de <span class=\"screen-reader-text\">WW-45-K<\/span><\/span>&nbsp;<span class=\"meta-nav\">&rarr;<\/span><\/a><\/p>\n","protected":false},"author":1,"featured_media":0,"parent":1921,"menu_order":4,"comment_status":"closed","ping_status":"closed","template":"","meta":[],"_links":{"self":[{"href":"https:\/\/www.cellarview.ch\/fr\/wp-json\/wp\/v2\/pages\/1439"}],"collection":[{"href":"https:\/\/www.cellarview.ch\/fr\/wp-json\/wp\/v2\/pages"}],"about":[{"href":"https:\/\/www.cellarview.ch\/fr\/wp-json\/wp\/v2\/types\/page"}],"author":[{"embeddable":true,"href":"https:\/\/www.cellarview.ch\/fr\/wp-json\/wp\/v2\/users\/1"}],"replies":[{"embeddable":true,"href":"https:\/\/www.cellarview.ch\/fr\/wp-json\/wp\/v2\/comments?post=1439"}],"version-history":[{"count":4,"href":"https:\/\/www.cellarview.ch\/fr\/wp-json\/wp\/v2\/pages\/1439\/revisions"}],"predecessor-version":[{"id":2030,"href":"https:\/\/www.cellarview.ch\/fr\/wp-json\/wp\/v2\/pages\/1439\/revisions\/2030"}],"up":[{"embeddable":true,"href":"https:\/\/www.cellarview.ch\/fr\/wp-json\/wp\/v2\/pages\/1921"}],"wp:attachment":[{"href":"https:\/\/www.cellarview.ch\/fr\/wp-json\/wp\/v2\/media?parent=1439"}],"curies":[{"name":"wp","href":"https:\/\/api.w.org\/{rel}","templated":true}]}}