{"id":1451,"date":"2019-10-03T14:15:23","date_gmt":"2019-10-03T12:15:23","guid":{"rendered":"http:\/\/www.cellarview.ch\/?page_id=1451"},"modified":"2025-10-23T11:03:19","modified_gmt":"2025-10-23T09:03:19","slug":"ww-pr-k","status":"publish","type":"page","link":"https:\/\/www.cellarview.ch\/fr\/cellarview-ii\/rack-noir-ii\/ww-pr-k\/","title":{"rendered":"WW-PR-K"},"content":{"rendered":"<p><\/p>\n<p id=\"tw-target-text\" class=\"tw-data-text tw-text-large tw-ta\" dir=\"ltr\" style=\"text-align: justify;\" data-placeholder=\"Traduction\"><span lang=\"fr\" tabindex=\"0\">Le <strong>CellarView II<\/strong> Pr\u00e9sentation rack-K est un support \u00e0 neuf bouteilles (101,6 cm) qui mets en valeur vos bouteilles pr\u00e9f\u00e9r\u00e9es, vous permettant ainsi d&rsquo;exposer certains de vos mill\u00e9simes pr\u00e9f\u00e9r\u00e9s dans un style \u00abpr\u00e9sentation\u00bb.<\/span><\/p>\n<p><span lang=\"fr\" tabindex=\"0\"><img decoding=\"async\" loading=\"lazy\" class=\"alignnone size-full wp-image-1711\" src=\"https:\/\/www.cellarview.ch\/wp-content\/uploads\/2021\/09\/WW-PR-KKa.jpg\" alt=\"\" width=\"1095\" height=\"453\" srcset=\"https:\/\/www.cellarview.ch\/wp-content\/uploads\/2021\/09\/WW-PR-KKa.jpg 1095w, https:\/\/www.cellarview.ch\/wp-content\/uploads\/2021\/09\/WW-PR-KKa-300x124.jpg 300w, https:\/\/www.cellarview.ch\/wp-content\/uploads\/2021\/09\/WW-PR-KKa-768x318.jpg 768w, https:\/\/www.cellarview.ch\/wp-content\/uploads\/2021\/09\/WW-PR-KKa-1024x424.jpg 1024w\" sizes=\"(max-width: 1095px) 100vw, 1095px\" \/><\/span><\/p>\n<p>&nbsp;<\/p>\n<p><img decoding=\"async\" loading=\"lazy\" class=\"size-full wp-image-2071 aligncenter\" src=\"https:\/\/www.cellarview.ch\/wp-content\/uploads\/2025\/10\/WW-Shelf-room-1-scaled.jpg\" alt=\"\" width=\"2560\" height=\"2560\" srcset=\"https:\/\/www.cellarview.ch\/wp-content\/uploads\/2025\/10\/WW-Shelf-room-1-scaled.jpg 2560w, https:\/\/www.cellarview.ch\/wp-content\/uploads\/2025\/10\/WW-Shelf-room-1-300x300.jpg 300w, https:\/\/www.cellarview.ch\/wp-content\/uploads\/2025\/10\/WW-Shelf-room-1-1024x1024.jpg 1024w, https:\/\/www.cellarview.ch\/wp-content\/uploads\/2025\/10\/WW-Shelf-room-1-150x150.jpg 150w, https:\/\/www.cellarview.ch\/wp-content\/uploads\/2025\/10\/WW-Shelf-room-1-768x768.jpg 768w, https:\/\/www.cellarview.ch\/wp-content\/uploads\/2025\/10\/WW-Shelf-room-1-1536x1536.jpg 1536w, https:\/\/www.cellarview.ch\/wp-content\/uploads\/2025\/10\/WW-Shelf-room-1-2048x2048.jpg 2048w\" sizes=\"(max-width: 2560px) 100vw, 2560px\" \/><\/p>","protected":false},"excerpt":{"rendered":"<p>Le CellarView II Pr\u00e9sentation rack-K est un support \u00e0 neuf bouteilles (101,6 cm) qui mets en valeur vos bouteilles pr\u00e9f\u00e9r\u00e9es, vous permettant ainsi d&rsquo;exposer certains de vos mill\u00e9simes pr\u00e9f\u00e9r\u00e9s dans un style \u00abpr\u00e9sentation\u00bb. &nbsp;<\/p>\n","protected":false},"author":1,"featured_media":0,"parent":1921,"menu_order":6,"comment_status":"closed","ping_status":"closed","template":"","meta":[],"_links":{"self":[{"href":"https:\/\/www.cellarview.ch\/fr\/wp-json\/wp\/v2\/pages\/1451"}],"collection":[{"href":"https:\/\/www.cellarview.ch\/fr\/wp-json\/wp\/v2\/pages"}],"about":[{"href":"https:\/\/www.cellarview.ch\/fr\/wp-json\/wp\/v2\/types\/page"}],"author":[{"embeddable":true,"href":"https:\/\/www.cellarview.ch\/fr\/wp-json\/wp\/v2\/users\/1"}],"replies":[{"embeddable":true,"href":"https:\/\/www.cellarview.ch\/fr\/wp-json\/wp\/v2\/comments?post=1451"}],"version-history":[{"count":7,"href":"https:\/\/www.cellarview.ch\/fr\/wp-json\/wp\/v2\/pages\/1451\/revisions"}],"predecessor-version":[{"id":2078,"href":"https:\/\/www.cellarview.ch\/fr\/wp-json\/wp\/v2\/pages\/1451\/revisions\/2078"}],"up":[{"embeddable":true,"href":"https:\/\/www.cellarview.ch\/fr\/wp-json\/wp\/v2\/pages\/1921"}],"wp:attachment":[{"href":"https:\/\/www.cellarview.ch\/fr\/wp-json\/wp\/v2\/media?parent=1451"}],"curies":[{"name":"wp","href":"https:\/\/api.w.org\/{rel}","templated":true}]}}