{"id":1502,"date":"2019-10-17T16:04:45","date_gmt":"2019-10-17T14:04:45","guid":{"rendered":"http:\/\/www.cellarview.ch\/?page_id=1502"},"modified":"2025-10-23T11:23:41","modified_gmt":"2025-10-23T09:23:41","slug":"cellarview-ii","status":"publish","type":"page","link":"https:\/\/www.cellarview.ch\/fr\/listes-de-prix\/cellarview-ii\/","title":{"rendered":"CellarView II"},"content":{"rendered":"<p><\/p>\n<h4>Documents \u00e0 t\u00e9l\u00e9charger<\/h4>\n<p><strong>Vous pouvez t\u00e9l\u00e9charger toutes nos listes de prix, au format <em>pdf<\/em>, en cliquant sur les onglets \u00e0 droite.<\/strong><\/p>\n<p><img decoding=\"async\" loading=\"lazy\" class=\"wp-image-757 aligncenter\" src=\"http:\/\/www.cellarview.ch\/wp-content\/uploads\/2017\/09\/fleche.jpg\" alt=\"\" width=\"444\" height=\"158\" srcset=\"https:\/\/www.cellarview.ch\/wp-content\/uploads\/2017\/09\/fleche.jpg 1464w, https:\/\/www.cellarview.ch\/wp-content\/uploads\/2017\/09\/fleche-300x107.jpg 300w, https:\/\/www.cellarview.ch\/wp-content\/uploads\/2017\/09\/fleche-768x273.jpg 768w, https:\/\/www.cellarview.ch\/wp-content\/uploads\/2017\/09\/fleche-1024x364.jpg 1024w\" sizes=\"(max-width: 444px) 100vw, 444px\" \/><\/p>\n<p><strong>Si vous avez des questions, n&rsquo;h\u00e9sitez pas \u00e0 nous contacter au :<\/strong><\/p>\n<h5 style=\"text-align: center;\"><strong>+41 (0)22 320 79 20<\/strong><\/h5>\n<p style=\"text-align: center;\">mardi-vendredi 10h00 &#8211; 17h00\u00a0 \/\u00a0 samedi sur rendez-vous<\/p>\n<p>En dehors de ces heures, vous pouvez nous laisser un message et nous vous rappellerons d\u00e8s que possible :<\/p>\n<h5 style=\"text-align: center;\"><strong>+41 (0)79 900 46 90<\/strong><\/h5>\n<h5 style=\"text-align: center;\"><strong>\u00a0<\/strong><\/h5>\n<p><\/p>","protected":false},"excerpt":{"rendered":"<p>Documents \u00e0 t\u00e9l\u00e9charger Vous pouvez t\u00e9l\u00e9charger toutes nos listes de prix, au format pdf, en cliquant sur les onglets \u00e0 droite. Si vous avez des questions, n&rsquo;h\u00e9sitez pas \u00e0 nous contacter au : +41 (0)22 320 79 20 mardi-vendredi 10h00 &#8211; 17h00\u00a0 \/\u00a0 samedi sur rendez-vous En dehors de ces heures, vous pouvez nous laisser &hellip; <a href=\"https:\/\/www.cellarview.ch\/fr\/listes-de-prix\/cellarview-ii\/\" class=\"more-link\">Continuer la lecture<span class=\"screen-reader-text\"> de <span class=\"screen-reader-text\">CellarView II<\/span><\/span>&nbsp;<span class=\"meta-nav\">&rarr;<\/span><\/a><\/p>\n","protected":false},"author":1,"featured_media":0,"parent":754,"menu_order":2,"comment_status":"closed","ping_status":"closed","template":"","meta":[],"_links":{"self":[{"href":"https:\/\/www.cellarview.ch\/fr\/wp-json\/wp\/v2\/pages\/1502"}],"collection":[{"href":"https:\/\/www.cellarview.ch\/fr\/wp-json\/wp\/v2\/pages"}],"about":[{"href":"https:\/\/www.cellarview.ch\/fr\/wp-json\/wp\/v2\/types\/page"}],"author":[{"embeddable":true,"href":"https:\/\/www.cellarview.ch\/fr\/wp-json\/wp\/v2\/users\/1"}],"replies":[{"embeddable":true,"href":"https:\/\/www.cellarview.ch\/fr\/wp-json\/wp\/v2\/comments?post=1502"}],"version-history":[{"count":7,"href":"https:\/\/www.cellarview.ch\/fr\/wp-json\/wp\/v2\/pages\/1502\/revisions"}],"predecessor-version":[{"id":1899,"href":"https:\/\/www.cellarview.ch\/fr\/wp-json\/wp\/v2\/pages\/1502\/revisions\/1899"}],"up":[{"embeddable":true,"href":"https:\/\/www.cellarview.ch\/fr\/wp-json\/wp\/v2\/pages\/754"}],"wp:attachment":[{"href":"https:\/\/www.cellarview.ch\/fr\/wp-json\/wp\/v2\/media?parent=1502"}],"curies":[{"name":"wp","href":"https:\/\/api.w.org\/{rel}","templated":true}]}}