{"id":1660,"date":"2021-09-24T14:33:53","date_gmt":"2021-09-24T12:33:53","guid":{"rendered":"https:\/\/www.cellarview.ch\/?page_id=1660"},"modified":"2025-10-23T13:23:20","modified_gmt":"2025-10-23T11:23:20","slug":"rack-platinum","status":"publish","type":"page","link":"https:\/\/www.cellarview.ch\/fr\/cellarview-ii\/rack-platinum\/","title":{"rendered":"Rack Platinum II"},"content":{"rendered":"<p><\/p>\n<p style=\"text-align: justify;\">La collection\u00a0<strong data-start=\"14\" data-end=\"31\">CellarView II<\/strong> propose une approche unique du rangement mural pour bouteilles, mettant les \u00e9tiquettes en valeur. Disponible en plusieurs hauteurs empilables, trois profondeurs de bouteilles et une configuration standard de trois bouteilles de large, le CellarView II s\u2019adapte \u00e0 tous les types de projets. De plus, les modules peuvent \u00eatre reli\u00e9s entre eux (en partageant un support) afin de s\u2019\u00e9tendre selon les besoins, et les casiers sont espac\u00e9s pour accueillir des bouteilles de format\u00a0magnum,\u00a0Champagne\u00a0et\u00a0standard.<\/p>\n<p><img decoding=\"async\" loading=\"lazy\" class=\"size-full wp-image-1980 aligncenter\" src=\"https:\/\/www.cellarview.ch\/wp-content\/uploads\/2025\/10\/gallery-pic.59-1.jpeg\" alt=\"\" width=\"900\" height=\"1200\" srcset=\"https:\/\/www.cellarview.ch\/wp-content\/uploads\/2025\/10\/gallery-pic.59-1.jpeg 900w, https:\/\/www.cellarview.ch\/wp-content\/uploads\/2025\/10\/gallery-pic.59-1-225x300.jpeg 225w, https:\/\/www.cellarview.ch\/wp-content\/uploads\/2025\/10\/gallery-pic.59-1-768x1024.jpeg 768w\" sizes=\"(max-width: 900px) 100vw, 900px\" \/><\/p>","protected":false},"excerpt":{"rendered":"<p>La collection\u00a0CellarView II propose une approche unique du rangement mural pour bouteilles, mettant les \u00e9tiquettes en valeur. Disponible en plusieurs hauteurs empilables, trois profondeurs de bouteilles et une configuration standard de trois bouteilles de large, le CellarView II s\u2019adapte \u00e0 tous les types de projets. De plus, les modules peuvent \u00eatre reli\u00e9s entre eux (en &hellip; <a href=\"https:\/\/www.cellarview.ch\/fr\/cellarview-ii\/rack-platinum\/\" class=\"more-link\">Continuer la lecture<span class=\"screen-reader-text\"> de <span class=\"screen-reader-text\">Rack Platinum II<\/span><\/span>&nbsp;<span class=\"meta-nav\">&rarr;<\/span><\/a><\/p>\n","protected":false},"author":1,"featured_media":0,"parent":1493,"menu_order":2,"comment_status":"closed","ping_status":"closed","template":"","meta":[],"_links":{"self":[{"href":"https:\/\/www.cellarview.ch\/fr\/wp-json\/wp\/v2\/pages\/1660"}],"collection":[{"href":"https:\/\/www.cellarview.ch\/fr\/wp-json\/wp\/v2\/pages"}],"about":[{"href":"https:\/\/www.cellarview.ch\/fr\/wp-json\/wp\/v2\/types\/page"}],"author":[{"embeddable":true,"href":"https:\/\/www.cellarview.ch\/fr\/wp-json\/wp\/v2\/users\/1"}],"replies":[{"embeddable":true,"href":"https:\/\/www.cellarview.ch\/fr\/wp-json\/wp\/v2\/comments?post=1660"}],"version-history":[{"count":8,"href":"https:\/\/www.cellarview.ch\/fr\/wp-json\/wp\/v2\/pages\/1660\/revisions"}],"predecessor-version":[{"id":2134,"href":"https:\/\/www.cellarview.ch\/fr\/wp-json\/wp\/v2\/pages\/1660\/revisions\/2134"}],"up":[{"embeddable":true,"href":"https:\/\/www.cellarview.ch\/fr\/wp-json\/wp\/v2\/pages\/1493"}],"wp:attachment":[{"href":"https:\/\/www.cellarview.ch\/fr\/wp-json\/wp\/v2\/media?parent=1660"}],"curies":[{"name":"wp","href":"https:\/\/api.w.org\/{rel}","templated":true}]}}