{"id":1721,"date":"2022-01-14T15:05:57","date_gmt":"2022-01-14T14:05:57","guid":{"rendered":"https:\/\/www.cellarview.ch\/?page_id=1721"},"modified":"2022-01-14T15:15:35","modified_gmt":"2022-01-14T14:15:35","slug":"sol-plafond-magnum","status":"publish","type":"page","link":"https:\/\/www.cellarview.ch\/fr\/speciales\/sol-plafond-magnum\/","title":{"rendered":"Sol-Plafond Magnum"},"content":{"rendered":"<p><\/p>\n<div>\n<p style=\"text-align: justify;\">Lorsqu\u2019une fixation murale n\u2019est pas possible, vous pouvez utiliser le cadre de montage <strong>CellarView sol-plafond<\/strong>.<\/p>\n<p style=\"text-align: justify;\">Les supports CellarView (\u00e0 commander s\u00e9par\u00e9ment)\u00a0sont \u00e0 fixer\u00a0sur le cadre et ce dernier est\u00a0vis\u00e9 au sol et au plafond.<\/p>\n<\/div>\n<p><img decoding=\"async\" loading=\"lazy\" class=\"wp-image-525 aligncenter\" src=\"https:\/\/www.cellarview.ch\/wp-content\/uploads\/2016\/05\/Floor-to-ceiling-inox-2.jpg\" alt=\"\" width=\"428\" height=\"548\" srcset=\"https:\/\/www.cellarview.ch\/wp-content\/uploads\/2016\/05\/Floor-to-ceiling-inox-2.jpg 500w, https:\/\/www.cellarview.ch\/wp-content\/uploads\/2016\/05\/Floor-to-ceiling-inox-2-234x300.jpg 234w\" sizes=\"(max-width: 428px) 100vw, 428px\" \/><\/p>\n<p style=\"text-align: justify;\">Ce syst\u00e8me vous permet d\u2019installer les supports <strong>CellarView<\/strong> derri\u00e8re une vitre, au milieu d\u2019une pi\u00e8ce, partout o\u00f9 la fixation murale n\u2019est pas possible.<\/p>\n<p><\/p>","protected":false},"excerpt":{"rendered":"<p>Lorsqu\u2019une fixation murale n\u2019est pas possible, vous pouvez utiliser le cadre de montage CellarView sol-plafond. Les supports CellarView (\u00e0 commander s\u00e9par\u00e9ment)\u00a0sont \u00e0 fixer\u00a0sur le cadre et ce dernier est\u00a0vis\u00e9 au sol et au plafond. Ce syst\u00e8me vous permet d\u2019installer les supports CellarView derri\u00e8re une vitre, au milieu d\u2019une pi\u00e8ce, partout o\u00f9 la fixation murale n\u2019est &hellip; <a href=\"https:\/\/www.cellarview.ch\/fr\/speciales\/sol-plafond-magnum\/\" class=\"more-link\">Continuer la lecture<span class=\"screen-reader-text\"> de <span class=\"screen-reader-text\">Sol-Plafond Magnum<\/span><\/span>&nbsp;<span class=\"meta-nav\">&rarr;<\/span><\/a><\/p>\n","protected":false},"author":1,"featured_media":0,"parent":580,"menu_order":2,"comment_status":"closed","ping_status":"closed","template":"","meta":[],"_links":{"self":[{"href":"https:\/\/www.cellarview.ch\/fr\/wp-json\/wp\/v2\/pages\/1721"}],"collection":[{"href":"https:\/\/www.cellarview.ch\/fr\/wp-json\/wp\/v2\/pages"}],"about":[{"href":"https:\/\/www.cellarview.ch\/fr\/wp-json\/wp\/v2\/types\/page"}],"author":[{"embeddable":true,"href":"https:\/\/www.cellarview.ch\/fr\/wp-json\/wp\/v2\/users\/1"}],"replies":[{"embeddable":true,"href":"https:\/\/www.cellarview.ch\/fr\/wp-json\/wp\/v2\/comments?post=1721"}],"version-history":[{"count":2,"href":"https:\/\/www.cellarview.ch\/fr\/wp-json\/wp\/v2\/pages\/1721\/revisions"}],"predecessor-version":[{"id":1724,"href":"https:\/\/www.cellarview.ch\/fr\/wp-json\/wp\/v2\/pages\/1721\/revisions\/1724"}],"up":[{"embeddable":true,"href":"https:\/\/www.cellarview.ch\/fr\/wp-json\/wp\/v2\/pages\/580"}],"wp:attachment":[{"href":"https:\/\/www.cellarview.ch\/fr\/wp-json\/wp\/v2\/media?parent=1721"}],"curies":[{"name":"wp","href":"https:\/\/api.w.org\/{rel}","templated":true}]}}