{"id":1996,"date":"2025-10-22T12:46:27","date_gmt":"2025-10-22T10:46:27","guid":{"rendered":"https:\/\/www.cellarview.ch\/?page_id=1996"},"modified":"2025-10-23T11:01:02","modified_gmt":"2025-10-23T09:01:02","slug":"ww-75-k","status":"publish","type":"page","link":"https:\/\/www.cellarview.ch\/fr\/cellarview-ii\/rack-noir-ii\/ww-75-k\/","title":{"rendered":"WW-75-K"},"content":{"rendered":"<p><\/p>\n<p class=\"tw-data-text tw-text-large tw-ta\" dir=\"ltr\" style=\"text-align: justify;\" data-placeholder=\"Traduction\"><span lang=\"fr\" tabindex=\"0\">Le\u00a0<strong>CellarView II S\u00e9rie 75-K<\/strong> est un support \u00e0 bouteilles d\u2019une hauteur maximale de quinze bouteilles (190.5 cm) et de 1 \u00e0 3 bouteilles en profondeur qui constitue un \u00e9l\u00e9ment id\u00e9al pour les bars et autres petits projets. Il peut \u00e9galement \u00eatre align\u00e9 avec d\u2019autres qui <\/span><span lang=\"fr\" tabindex=\"0\">vous permet de cr\u00e9er un affichage personnalis\u00e9 en fonction de votre espace.<\/span><\/p>\n<p><strong>WW-751-K : 45 bouteilles (1-profondeur)<\/strong><\/p>\n<p><img decoding=\"async\" loading=\"lazy\" class=\" wp-image-2000 aligncenter\" src=\"https:\/\/www.cellarview.ch\/wp-content\/uploads\/2025\/10\/WW-751-KKa-1-1-1.jpg\" alt=\"\" width=\"306\" height=\"649\" srcset=\"https:\/\/www.cellarview.ch\/wp-content\/uploads\/2025\/10\/WW-751-KKa-1-1-1.jpg 413w, https:\/\/www.cellarview.ch\/wp-content\/uploads\/2025\/10\/WW-751-KKa-1-1-1-141x300.jpg 141w\" sizes=\"(max-width: 306px) 100vw, 306px\" \/><\/p>\n<p>&nbsp;<\/p>\n<p><strong>WW-752-K : 90 bouteilles (2-profondeurs)<\/strong><\/p>\n<p><img decoding=\"async\" loading=\"lazy\" class=\"wp-image-2001 aligncenter\" src=\"https:\/\/www.cellarview.ch\/wp-content\/uploads\/2025\/10\/WW-752-KKa.jpg\" alt=\"\" width=\"326\" height=\"638\" srcset=\"https:\/\/www.cellarview.ch\/wp-content\/uploads\/2025\/10\/WW-752-KKa.jpg 509w, https:\/\/www.cellarview.ch\/wp-content\/uploads\/2025\/10\/WW-752-KKa-153x300.jpg 153w\" sizes=\"(max-width: 326px) 100vw, 326px\" \/><\/p>\n<p><strong>WW-753-K : 135 bouteilles (3-profondeurs)<\/strong><\/p>\n<p><img decoding=\"async\" loading=\"lazy\" class=\" wp-image-2002 aligncenter\" src=\"https:\/\/www.cellarview.ch\/wp-content\/uploads\/2025\/10\/WW-753-KKa-1-1.jpg\" alt=\"\" width=\"327\" height=\"641\" srcset=\"https:\/\/www.cellarview.ch\/wp-content\/uploads\/2025\/10\/WW-753-KKa-1-1.jpg 473w, https:\/\/www.cellarview.ch\/wp-content\/uploads\/2025\/10\/WW-753-KKa-1-1-153x300.jpg 153w\" sizes=\"(max-width: 327px) 100vw, 327px\" \/><\/p>\n<p>&nbsp;<\/p>","protected":false},"excerpt":{"rendered":"<p>Le\u00a0CellarView II S\u00e9rie 75-K est un support \u00e0 bouteilles d\u2019une hauteur maximale de quinze bouteilles (190.5 cm) et de 1 \u00e0 3 bouteilles en profondeur qui constitue un \u00e9l\u00e9ment id\u00e9al pour les bars et autres petits projets. Il peut \u00e9galement \u00eatre align\u00e9 avec d\u2019autres qui vous permet de cr\u00e9er un affichage personnalis\u00e9 en fonction de &hellip; <a href=\"https:\/\/www.cellarview.ch\/fr\/cellarview-ii\/rack-noir-ii\/ww-75-k\/\" class=\"more-link\">Continuer la lecture<span class=\"screen-reader-text\"> de <span class=\"screen-reader-text\">WW-75-K<\/span><\/span>&nbsp;<span class=\"meta-nav\">&rarr;<\/span><\/a><\/p>\n","protected":false},"author":1,"featured_media":0,"parent":1921,"menu_order":6,"comment_status":"closed","ping_status":"closed","template":"","meta":[],"_links":{"self":[{"href":"https:\/\/www.cellarview.ch\/fr\/wp-json\/wp\/v2\/pages\/1996"}],"collection":[{"href":"https:\/\/www.cellarview.ch\/fr\/wp-json\/wp\/v2\/pages"}],"about":[{"href":"https:\/\/www.cellarview.ch\/fr\/wp-json\/wp\/v2\/types\/page"}],"author":[{"embeddable":true,"href":"https:\/\/www.cellarview.ch\/fr\/wp-json\/wp\/v2\/users\/1"}],"replies":[{"embeddable":true,"href":"https:\/\/www.cellarview.ch\/fr\/wp-json\/wp\/v2\/comments?post=1996"}],"version-history":[{"count":5,"href":"https:\/\/www.cellarview.ch\/fr\/wp-json\/wp\/v2\/pages\/1996\/revisions"}],"predecessor-version":[{"id":2031,"href":"https:\/\/www.cellarview.ch\/fr\/wp-json\/wp\/v2\/pages\/1996\/revisions\/2031"}],"up":[{"embeddable":true,"href":"https:\/\/www.cellarview.ch\/fr\/wp-json\/wp\/v2\/pages\/1921"}],"wp:attachment":[{"href":"https:\/\/www.cellarview.ch\/fr\/wp-json\/wp\/v2\/media?parent=1996"}],"curies":[{"name":"wp","href":"https:\/\/api.w.org\/{rel}","templated":true}]}}