{"id":2025,"date":"2025-10-22T14:28:49","date_gmt":"2025-10-22T12:28:49","guid":{"rendered":"https:\/\/www.cellarview.ch\/?page_id=2025"},"modified":"2025-10-22T14:50:31","modified_gmt":"2025-10-22T12:50:31","slug":"ww-05-p","status":"publish","type":"page","link":"https:\/\/www.cellarview.ch\/fr\/cellarview-ii\/rack-platinum\/ww-05-p\/","title":{"rendered":"WW-05-P"},"content":{"rendered":"<p><\/p>\n<p class=\"tw-data-text tw-text-large tw-ta\" dir=\"ltr\" style=\"text-align: justify;\" data-placeholder=\"Traduction\"><span lang=\"fr\" tabindex=\"0\">Le\u00a0<strong>CellarView II S\u00e9rie 05-P<\/strong>\u00a0est un support \u00e0 bouteilles d\u2019une hauteur maximale d\u2019une bouteille (12,7 cm) et de 1 \u00e0 3 bouteilles en profondeur qui constitue un \u00e9l\u00e9ment id\u00e9al pour les bars et autres petits projets. Il peut \u00e9galement \u00eatre align\u00e9 avec d\u2019autres supports qui\u00a0<\/span><span lang=\"fr\" tabindex=\"0\">vous permet de cr\u00e9er un affichage personnalis\u00e9 en fonction de votre espace.<\/span><\/p>\n<p><strong>WW-051-P : 3 bouteilles (1-profondeur)<\/strong><\/p>\n<p><img decoding=\"async\" loading=\"lazy\" class=\" wp-image-2033 aligncenter\" src=\"https:\/\/www.cellarview.ch\/wp-content\/uploads\/2025\/10\/WW-051-KCHa-1.jpg\" alt=\"\" width=\"500\" height=\"163\" srcset=\"https:\/\/www.cellarview.ch\/wp-content\/uploads\/2025\/10\/WW-051-KCHa-1.jpg 1153w, https:\/\/www.cellarview.ch\/wp-content\/uploads\/2025\/10\/WW-051-KCHa-1-300x98.jpg 300w, https:\/\/www.cellarview.ch\/wp-content\/uploads\/2025\/10\/WW-051-KCHa-1-1024x334.jpg 1024w, https:\/\/www.cellarview.ch\/wp-content\/uploads\/2025\/10\/WW-051-KCHa-1-768x250.jpg 768w\" sizes=\"(max-width: 500px) 100vw, 500px\" \/><\/p>\n<p>&nbsp;<\/p>\n<p><strong>WW-052-P : 6 bouteilles (2-profondeurs)<\/strong><\/p>\n<p><img decoding=\"async\" loading=\"lazy\" class=\" wp-image-2035 aligncenter\" src=\"https:\/\/www.cellarview.ch\/wp-content\/uploads\/2025\/10\/WW-052-KCHa-1.jpg\" alt=\"\" width=\"572\" height=\"160\" srcset=\"https:\/\/www.cellarview.ch\/wp-content\/uploads\/2025\/10\/WW-052-KCHa-1.jpg 1270w, https:\/\/www.cellarview.ch\/wp-content\/uploads\/2025\/10\/WW-052-KCHa-1-300x84.jpg 300w, https:\/\/www.cellarview.ch\/wp-content\/uploads\/2025\/10\/WW-052-KCHa-1-1024x286.jpg 1024w, https:\/\/www.cellarview.ch\/wp-content\/uploads\/2025\/10\/WW-052-KCHa-1-768x215.jpg 768w\" sizes=\"(max-width: 572px) 100vw, 572px\" \/><\/p>\n<p>&nbsp;<\/p>\n<p><strong>WW-053-P : 9 bouteilles (3-profondeurs)<\/strong><\/p>\n<p><img decoding=\"async\" loading=\"lazy\" class=\" wp-image-2036 aligncenter\" src=\"https:\/\/www.cellarview.ch\/wp-content\/uploads\/2025\/10\/WW-053-KCHa-1.jpg\" alt=\"\" width=\"556\" height=\"140\" srcset=\"https:\/\/www.cellarview.ch\/wp-content\/uploads\/2025\/10\/WW-053-KCHa-1.jpg 1269w, https:\/\/www.cellarview.ch\/wp-content\/uploads\/2025\/10\/WW-053-KCHa-1-300x76.jpg 300w, https:\/\/www.cellarview.ch\/wp-content\/uploads\/2025\/10\/WW-053-KCHa-1-1024x258.jpg 1024w, https:\/\/www.cellarview.ch\/wp-content\/uploads\/2025\/10\/WW-053-KCHa-1-768x194.jpg 768w\" sizes=\"(max-width: 556px) 100vw, 556px\" \/><\/p>\n<p>&nbsp;<\/p>","protected":false},"excerpt":{"rendered":"<p>Le\u00a0CellarView II S\u00e9rie 05-P\u00a0est un support \u00e0 bouteilles d\u2019une hauteur maximale d\u2019une bouteille (12,7 cm) et de 1 \u00e0 3 bouteilles en profondeur qui constitue un \u00e9l\u00e9ment id\u00e9al pour les bars et autres petits projets. Il peut \u00e9galement \u00eatre align\u00e9 avec d\u2019autres supports qui\u00a0vous permet de cr\u00e9er un affichage personnalis\u00e9 en fonction de votre espace. &hellip; <a href=\"https:\/\/www.cellarview.ch\/fr\/cellarview-ii\/rack-platinum\/ww-05-p\/\" class=\"more-link\">Continuer la lecture<span class=\"screen-reader-text\"> de <span class=\"screen-reader-text\">WW-05-P<\/span><\/span>&nbsp;<span class=\"meta-nav\">&rarr;<\/span><\/a><\/p>\n","protected":false},"author":1,"featured_media":0,"parent":1660,"menu_order":1,"comment_status":"closed","ping_status":"closed","template":"","meta":[],"_links":{"self":[{"href":"https:\/\/www.cellarview.ch\/fr\/wp-json\/wp\/v2\/pages\/2025"}],"collection":[{"href":"https:\/\/www.cellarview.ch\/fr\/wp-json\/wp\/v2\/pages"}],"about":[{"href":"https:\/\/www.cellarview.ch\/fr\/wp-json\/wp\/v2\/types\/page"}],"author":[{"embeddable":true,"href":"https:\/\/www.cellarview.ch\/fr\/wp-json\/wp\/v2\/users\/1"}],"replies":[{"embeddable":true,"href":"https:\/\/www.cellarview.ch\/fr\/wp-json\/wp\/v2\/comments?post=2025"}],"version-history":[{"count":2,"href":"https:\/\/www.cellarview.ch\/fr\/wp-json\/wp\/v2\/pages\/2025\/revisions"}],"predecessor-version":[{"id":2037,"href":"https:\/\/www.cellarview.ch\/fr\/wp-json\/wp\/v2\/pages\/2025\/revisions\/2037"}],"up":[{"embeddable":true,"href":"https:\/\/www.cellarview.ch\/fr\/wp-json\/wp\/v2\/pages\/1660"}],"wp:attachment":[{"href":"https:\/\/www.cellarview.ch\/fr\/wp-json\/wp\/v2\/media?parent=2025"}],"curies":[{"name":"wp","href":"https:\/\/api.w.org\/{rel}","templated":true}]}}