{"id":2044,"date":"2025-10-22T15:06:36","date_gmt":"2025-10-22T13:06:36","guid":{"rendered":"https:\/\/www.cellarview.ch\/?page_id=2044"},"modified":"2025-10-23T10:59:43","modified_gmt":"2025-10-23T08:59:43","slug":"ww-15-p","status":"publish","type":"page","link":"https:\/\/www.cellarview.ch\/fr\/cellarview-ii\/rack-platinum\/ww-15-p\/","title":{"rendered":"WW-15-P"},"content":{"rendered":"<p><\/p>\n<p class=\"tw-data-text tw-text-large tw-ta\" dir=\"ltr\" style=\"text-align: justify;\" data-placeholder=\"Traduction\"><span lang=\"fr\" tabindex=\"0\">Le\u00a0<strong>CellarView II S\u00e9rie 15-P<\/strong>\u00a0est un support \u00e0 bouteilles d\u2019une hauteur maximale de trois bouteilles (38,1 cm) et de 1 \u00e0 3 bouteilles en profondeur qui constitue un \u00e9l\u00e9ment id\u00e9al pour les bars et autres petits projets. Il peut \u00e9galement \u00eatre align\u00e9 avec d\u2019autres qui\u00a0<\/span><span lang=\"fr\" tabindex=\"0\">vous permet de cr\u00e9er un affichage personnalis\u00e9 en fonction de votre espace.<\/span><\/p>\n<p><strong>WW-151-P : 9 bouteilles (1-profondeur)<\/strong><img decoding=\"async\" loading=\"lazy\" class=\"size-full wp-image-2045 aligncenter\" src=\"https:\/\/www.cellarview.ch\/wp-content\/uploads\/2025\/10\/WW-151-P.jpg\" alt=\"\" width=\"1270\" height=\"714\" srcset=\"https:\/\/www.cellarview.ch\/wp-content\/uploads\/2025\/10\/WW-151-P.jpg 1270w, https:\/\/www.cellarview.ch\/wp-content\/uploads\/2025\/10\/WW-151-P-300x169.jpg 300w, https:\/\/www.cellarview.ch\/wp-content\/uploads\/2025\/10\/WW-151-P-1024x576.jpg 1024w, https:\/\/www.cellarview.ch\/wp-content\/uploads\/2025\/10\/WW-151-P-768x432.jpg 768w\" sizes=\"(max-width: 1270px) 100vw, 1270px\" \/><\/p>\n<p><strong>WW-152-P : 18 bouteilles (2-profondeurs)<\/strong><img decoding=\"async\" loading=\"lazy\" class=\"size-full wp-image-2046 aligncenter\" src=\"https:\/\/www.cellarview.ch\/wp-content\/uploads\/2025\/10\/WW-152-P.jpeg\" alt=\"\" width=\"1270\" height=\"714\" srcset=\"https:\/\/www.cellarview.ch\/wp-content\/uploads\/2025\/10\/WW-152-P.jpeg 1270w, https:\/\/www.cellarview.ch\/wp-content\/uploads\/2025\/10\/WW-152-P-300x169.jpeg 300w, https:\/\/www.cellarview.ch\/wp-content\/uploads\/2025\/10\/WW-152-P-1024x576.jpeg 1024w, https:\/\/www.cellarview.ch\/wp-content\/uploads\/2025\/10\/WW-152-P-768x432.jpeg 768w\" sizes=\"(max-width: 1270px) 100vw, 1270px\" \/><\/p>\n<p><strong>WW-153-P : 27 bouteilles (3-profondeurs)<\/strong><img decoding=\"async\" loading=\"lazy\" class=\"size-full wp-image-2047 aligncenter\" src=\"https:\/\/www.cellarview.ch\/wp-content\/uploads\/2025\/10\/WW-153-P.jpg\" alt=\"\" width=\"1270\" height=\"714\" srcset=\"https:\/\/www.cellarview.ch\/wp-content\/uploads\/2025\/10\/WW-153-P.jpg 1270w, https:\/\/www.cellarview.ch\/wp-content\/uploads\/2025\/10\/WW-153-P-300x169.jpg 300w, https:\/\/www.cellarview.ch\/wp-content\/uploads\/2025\/10\/WW-153-P-1024x576.jpg 1024w, https:\/\/www.cellarview.ch\/wp-content\/uploads\/2025\/10\/WW-153-P-768x432.jpg 768w\" sizes=\"(max-width: 1270px) 100vw, 1270px\" \/><\/p>","protected":false},"excerpt":{"rendered":"<p>Le\u00a0CellarView II S\u00e9rie 15-P\u00a0est un support \u00e0 bouteilles d\u2019une hauteur maximale de trois bouteilles (38,1 cm) et de 1 \u00e0 3 bouteilles en profondeur qui constitue un \u00e9l\u00e9ment id\u00e9al pour les bars et autres petits projets. Il peut \u00e9galement \u00eatre align\u00e9 avec d\u2019autres qui\u00a0vous permet de cr\u00e9er un affichage personnalis\u00e9 en fonction de votre espace. &hellip; <a href=\"https:\/\/www.cellarview.ch\/fr\/cellarview-ii\/rack-platinum\/ww-15-p\/\" class=\"more-link\">Continuer la lecture<span class=\"screen-reader-text\"> de <span class=\"screen-reader-text\">WW-15-P<\/span><\/span>&nbsp;<span class=\"meta-nav\">&rarr;<\/span><\/a><\/p>\n","protected":false},"author":1,"featured_media":0,"parent":1660,"menu_order":2,"comment_status":"closed","ping_status":"closed","template":"","meta":[],"_links":{"self":[{"href":"https:\/\/www.cellarview.ch\/fr\/wp-json\/wp\/v2\/pages\/2044"}],"collection":[{"href":"https:\/\/www.cellarview.ch\/fr\/wp-json\/wp\/v2\/pages"}],"about":[{"href":"https:\/\/www.cellarview.ch\/fr\/wp-json\/wp\/v2\/types\/page"}],"author":[{"embeddable":true,"href":"https:\/\/www.cellarview.ch\/fr\/wp-json\/wp\/v2\/users\/1"}],"replies":[{"embeddable":true,"href":"https:\/\/www.cellarview.ch\/fr\/wp-json\/wp\/v2\/comments?post=2044"}],"version-history":[{"count":2,"href":"https:\/\/www.cellarview.ch\/fr\/wp-json\/wp\/v2\/pages\/2044\/revisions"}],"predecessor-version":[{"id":2055,"href":"https:\/\/www.cellarview.ch\/fr\/wp-json\/wp\/v2\/pages\/2044\/revisions\/2055"}],"up":[{"embeddable":true,"href":"https:\/\/www.cellarview.ch\/fr\/wp-json\/wp\/v2\/pages\/1660"}],"wp:attachment":[{"href":"https:\/\/www.cellarview.ch\/fr\/wp-json\/wp\/v2\/media?parent=2044"}],"curies":[{"name":"wp","href":"https:\/\/api.w.org\/{rel}","templated":true}]}}