{"id":2061,"date":"2025-10-22T15:30:12","date_gmt":"2025-10-22T13:30:12","guid":{"rendered":"https:\/\/www.cellarview.ch\/?page_id=2061"},"modified":"2025-10-23T11:00:02","modified_gmt":"2025-10-23T09:00:02","slug":"ww-30-p","status":"publish","type":"page","link":"https:\/\/www.cellarview.ch\/fr\/cellarview-ii\/rack-platinum\/ww-30-p\/","title":{"rendered":"WW-30-P"},"content":{"rendered":"<p><\/p>\n<p class=\"tw-data-text tw-text-large tw-ta\" dir=\"ltr\" style=\"text-align: justify;\" data-placeholder=\"Traduction\"><span lang=\"fr\" tabindex=\"0\">Le\u00a0<strong>CellarView II S\u00e9rie 30-P<\/strong>\u00a0est un support \u00e0 bouteilles d\u2019une hauteur maximale de six bouteilles (76,2 cm) et de 1 \u00e0 3 bouteilles en profondeur qui constitue un \u00e9l\u00e9ment id\u00e9al pour les bars et autres petits projets. Il peut \u00e9galement \u00eatre align\u00e9 avec d\u2019autres qui\u00a0<\/span><span lang=\"fr\" tabindex=\"0\">vous permet de cr\u00e9er un affichage personnalis\u00e9 en fonction de votre espace.<\/span><\/p>\n<p><strong>WW-301-P : 18 bouteilles (1-profondeur)<\/strong><\/p>\n<p><img decoding=\"async\" loading=\"lazy\" class=\" wp-image-2062 aligncenter\" src=\"https:\/\/www.cellarview.ch\/wp-content\/uploads\/2025\/10\/WW-301-KCHa.jpg\" alt=\"\" width=\"378\" height=\"340\" srcset=\"https:\/\/www.cellarview.ch\/wp-content\/uploads\/2025\/10\/WW-301-KCHa.jpg 728w, https:\/\/www.cellarview.ch\/wp-content\/uploads\/2025\/10\/WW-301-KCHa-300x270.jpg 300w\" sizes=\"(max-width: 378px) 100vw, 378px\" \/><\/p>\n<p>&nbsp;<\/p>\n<p><strong>WW-302-P : 36 bouteilles (2-profondeurs)<\/strong><\/p>\n<p><img decoding=\"async\" loading=\"lazy\" class=\"size-full wp-image-2063 aligncenter\" src=\"https:\/\/www.cellarview.ch\/wp-content\/uploads\/2025\/10\/WW-302-P.jpg\" alt=\"\" width=\"1270\" height=\"714\" srcset=\"https:\/\/www.cellarview.ch\/wp-content\/uploads\/2025\/10\/WW-302-P.jpg 1270w, https:\/\/www.cellarview.ch\/wp-content\/uploads\/2025\/10\/WW-302-P-300x169.jpg 300w, https:\/\/www.cellarview.ch\/wp-content\/uploads\/2025\/10\/WW-302-P-1024x576.jpg 1024w, https:\/\/www.cellarview.ch\/wp-content\/uploads\/2025\/10\/WW-302-P-768x432.jpg 768w\" sizes=\"(max-width: 1270px) 100vw, 1270px\" \/><\/p>\n<p><strong>WW-303-P : 54 bouteilles (3-profondeurs)<\/strong><\/p>\n<p><img decoding=\"async\" loading=\"lazy\" class=\"size-full wp-image-2064 aligncenter\" src=\"https:\/\/www.cellarview.ch\/wp-content\/uploads\/2025\/10\/WW-303-P.jpg\" alt=\"\" width=\"1270\" height=\"714\" srcset=\"https:\/\/www.cellarview.ch\/wp-content\/uploads\/2025\/10\/WW-303-P.jpg 1270w, https:\/\/www.cellarview.ch\/wp-content\/uploads\/2025\/10\/WW-303-P-300x169.jpg 300w, https:\/\/www.cellarview.ch\/wp-content\/uploads\/2025\/10\/WW-303-P-1024x576.jpg 1024w, https:\/\/www.cellarview.ch\/wp-content\/uploads\/2025\/10\/WW-303-P-768x432.jpg 768w\" sizes=\"(max-width: 1270px) 100vw, 1270px\" \/><\/p>\n<p>&nbsp;<\/p>","protected":false},"excerpt":{"rendered":"<p>Le\u00a0CellarView II S\u00e9rie 30-P\u00a0est un support \u00e0 bouteilles d\u2019une hauteur maximale de six bouteilles (76,2 cm) et de 1 \u00e0 3 bouteilles en profondeur qui constitue un \u00e9l\u00e9ment id\u00e9al pour les bars et autres petits projets. Il peut \u00e9galement \u00eatre align\u00e9 avec d\u2019autres qui\u00a0vous permet de cr\u00e9er un affichage personnalis\u00e9 en fonction de votre espace. &hellip; <a href=\"https:\/\/www.cellarview.ch\/fr\/cellarview-ii\/rack-platinum\/ww-30-p\/\" class=\"more-link\">Continuer la lecture<span class=\"screen-reader-text\"> de <span class=\"screen-reader-text\">WW-30-P<\/span><\/span>&nbsp;<span class=\"meta-nav\">&rarr;<\/span><\/a><\/p>\n","protected":false},"author":1,"featured_media":0,"parent":1660,"menu_order":3,"comment_status":"closed","ping_status":"closed","template":"","meta":[],"_links":{"self":[{"href":"https:\/\/www.cellarview.ch\/fr\/wp-json\/wp\/v2\/pages\/2061"}],"collection":[{"href":"https:\/\/www.cellarview.ch\/fr\/wp-json\/wp\/v2\/pages"}],"about":[{"href":"https:\/\/www.cellarview.ch\/fr\/wp-json\/wp\/v2\/types\/page"}],"author":[{"embeddable":true,"href":"https:\/\/www.cellarview.ch\/fr\/wp-json\/wp\/v2\/users\/1"}],"replies":[{"embeddable":true,"href":"https:\/\/www.cellarview.ch\/fr\/wp-json\/wp\/v2\/comments?post=2061"}],"version-history":[{"count":2,"href":"https:\/\/www.cellarview.ch\/fr\/wp-json\/wp\/v2\/pages\/2061\/revisions"}],"predecessor-version":[{"id":2068,"href":"https:\/\/www.cellarview.ch\/fr\/wp-json\/wp\/v2\/pages\/2061\/revisions\/2068"}],"up":[{"embeddable":true,"href":"https:\/\/www.cellarview.ch\/fr\/wp-json\/wp\/v2\/pages\/1660"}],"wp:attachment":[{"href":"https:\/\/www.cellarview.ch\/fr\/wp-json\/wp\/v2\/media?parent=2061"}],"curies":[{"name":"wp","href":"https:\/\/api.w.org\/{rel}","templated":true}]}}