{"id":2079,"date":"2025-10-23T10:43:40","date_gmt":"2025-10-23T08:43:40","guid":{"rendered":"https:\/\/www.cellarview.ch\/?page_id=2079"},"modified":"2025-10-23T11:00:33","modified_gmt":"2025-10-23T09:00:33","slug":"ww-45-p","status":"publish","type":"page","link":"https:\/\/www.cellarview.ch\/fr\/cellarview-ii\/rack-platinum\/ww-45-p\/","title":{"rendered":"WW-45-P"},"content":{"rendered":"<p><\/p>\n<p class=\"tw-data-text tw-text-large tw-ta\" dir=\"ltr\" style=\"text-align: justify;\" data-placeholder=\"Traduction\"><span lang=\"fr\" tabindex=\"0\">4Le <strong>CellarView II S\u00e9rie 45-P<\/strong>\u00a0est un support \u00e0 bouteilles d\u2019une hauteur maximale de neuf bouteilles (114,3 cm) et de 1 \u00e0 3 bouteilles en profondeur qui constitue un \u00e9l\u00e9ment id\u00e9al pour les bars et autres petits projets. Il peut \u00e9galement \u00eatre align\u00e9 avec d\u2019autres qui\u00a0<\/span><span lang=\"fr\" tabindex=\"0\">vous permet de cr\u00e9er un affichage personnalis\u00e9 en fonction de votre espace.<\/span><\/p>\n<p><strong>WW-451-P : 27 bouteilles (1-profondeur)<\/strong><img decoding=\"async\" loading=\"lazy\" class=\" wp-image-2080 aligncenter\" src=\"https:\/\/www.cellarview.ch\/wp-content\/uploads\/2025\/10\/WW-451-P.jpg\" alt=\"\" width=\"462\" height=\"462\" srcset=\"https:\/\/www.cellarview.ch\/wp-content\/uploads\/2025\/10\/WW-451-P.jpg 1270w, https:\/\/www.cellarview.ch\/wp-content\/uploads\/2025\/10\/WW-451-P-300x300.jpg 300w, https:\/\/www.cellarview.ch\/wp-content\/uploads\/2025\/10\/WW-451-P-1024x1024.jpg 1024w, https:\/\/www.cellarview.ch\/wp-content\/uploads\/2025\/10\/WW-451-P-150x150.jpg 150w, https:\/\/www.cellarview.ch\/wp-content\/uploads\/2025\/10\/WW-451-P-768x768.jpg 768w\" sizes=\"(max-width: 462px) 100vw, 462px\" \/><\/p>\n<p><strong>WW-452-P : 54 bouteilles (2-profondeurs)<\/strong><img decoding=\"async\" loading=\"lazy\" class=\" wp-image-2081 aligncenter\" src=\"https:\/\/www.cellarview.ch\/wp-content\/uploads\/2025\/10\/WW-452-P.jpg\" alt=\"\" width=\"463\" height=\"463\" srcset=\"https:\/\/www.cellarview.ch\/wp-content\/uploads\/2025\/10\/WW-452-P.jpg 1270w, https:\/\/www.cellarview.ch\/wp-content\/uploads\/2025\/10\/WW-452-P-300x300.jpg 300w, https:\/\/www.cellarview.ch\/wp-content\/uploads\/2025\/10\/WW-452-P-1024x1024.jpg 1024w, https:\/\/www.cellarview.ch\/wp-content\/uploads\/2025\/10\/WW-452-P-150x150.jpg 150w, https:\/\/www.cellarview.ch\/wp-content\/uploads\/2025\/10\/WW-452-P-768x768.jpg 768w\" sizes=\"(max-width: 463px) 100vw, 463px\" \/><\/p>\n<p><strong>WW-453-P : 81 bouteilles (3-profondeurs)<\/strong><img decoding=\"async\" loading=\"lazy\" class=\" wp-image-2082 aligncenter\" src=\"https:\/\/www.cellarview.ch\/wp-content\/uploads\/2025\/10\/WW-453-P.jpg\" alt=\"\" width=\"463\" height=\"463\" srcset=\"https:\/\/www.cellarview.ch\/wp-content\/uploads\/2025\/10\/WW-453-P.jpg 1270w, https:\/\/www.cellarview.ch\/wp-content\/uploads\/2025\/10\/WW-453-P-300x300.jpg 300w, https:\/\/www.cellarview.ch\/wp-content\/uploads\/2025\/10\/WW-453-P-1024x1024.jpg 1024w, https:\/\/www.cellarview.ch\/wp-content\/uploads\/2025\/10\/WW-453-P-150x150.jpg 150w, https:\/\/www.cellarview.ch\/wp-content\/uploads\/2025\/10\/WW-453-P-768x768.jpg 768w\" sizes=\"(max-width: 463px) 100vw, 463px\" \/><\/p>\n<p>&nbsp;<\/p>","protected":false},"excerpt":{"rendered":"<p>4Le CellarView II S\u00e9rie 45-P\u00a0est un support \u00e0 bouteilles d\u2019une hauteur maximale de neuf bouteilles (114,3 cm) et de 1 \u00e0 3 bouteilles en profondeur qui constitue un \u00e9l\u00e9ment id\u00e9al pour les bars et autres petits projets. Il peut \u00e9galement \u00eatre align\u00e9 avec d\u2019autres qui\u00a0vous permet de cr\u00e9er un affichage personnalis\u00e9 en fonction de votre &hellip; <a href=\"https:\/\/www.cellarview.ch\/fr\/cellarview-ii\/rack-platinum\/ww-45-p\/\" class=\"more-link\">Continuer la lecture<span class=\"screen-reader-text\"> de <span class=\"screen-reader-text\">WW-45-P<\/span><\/span>&nbsp;<span class=\"meta-nav\">&rarr;<\/span><\/a><\/p>\n","protected":false},"author":1,"featured_media":0,"parent":1660,"menu_order":4,"comment_status":"closed","ping_status":"closed","template":"","meta":[],"_links":{"self":[{"href":"https:\/\/www.cellarview.ch\/fr\/wp-json\/wp\/v2\/pages\/2079"}],"collection":[{"href":"https:\/\/www.cellarview.ch\/fr\/wp-json\/wp\/v2\/pages"}],"about":[{"href":"https:\/\/www.cellarview.ch\/fr\/wp-json\/wp\/v2\/types\/page"}],"author":[{"embeddable":true,"href":"https:\/\/www.cellarview.ch\/fr\/wp-json\/wp\/v2\/users\/1"}],"replies":[{"embeddable":true,"href":"https:\/\/www.cellarview.ch\/fr\/wp-json\/wp\/v2\/comments?post=2079"}],"version-history":[{"count":3,"href":"https:\/\/www.cellarview.ch\/fr\/wp-json\/wp\/v2\/pages\/2079\/revisions"}],"predecessor-version":[{"id":2097,"href":"https:\/\/www.cellarview.ch\/fr\/wp-json\/wp\/v2\/pages\/2079\/revisions\/2097"}],"up":[{"embeddable":true,"href":"https:\/\/www.cellarview.ch\/fr\/wp-json\/wp\/v2\/pages\/1660"}],"wp:attachment":[{"href":"https:\/\/www.cellarview.ch\/fr\/wp-json\/wp\/v2\/media?parent=2079"}],"curies":[{"name":"wp","href":"https:\/\/api.w.org\/{rel}","templated":true}]}}