{"id":2089,"date":"2025-10-23T10:57:52","date_gmt":"2025-10-23T08:57:52","guid":{"rendered":"https:\/\/www.cellarview.ch\/?page_id=2089"},"modified":"2025-10-23T11:01:19","modified_gmt":"2025-10-23T09:01:19","slug":"ww-75-p","status":"publish","type":"page","link":"https:\/\/www.cellarview.ch\/fr\/cellarview-ii\/rack-platinum\/ww-75-p\/","title":{"rendered":"WW-75-P"},"content":{"rendered":"<p><\/p>\n<p class=\"tw-data-text tw-text-large tw-ta\" dir=\"ltr\" style=\"text-align: justify;\" data-placeholder=\"Traduction\"><span lang=\"fr\" tabindex=\"0\">Le\u00a0<strong>CellarView II S\u00e9rie 75-P<\/strong>\u00a0est un support \u00e0 bouteilles d\u2019une hauteur maximale de quinze bouteilles (190.5 cm) et de 1 \u00e0 3 bouteilles en profondeur qui constitue un \u00e9l\u00e9ment id\u00e9al pour les bars et autres petits projets. Il peut \u00e9galement \u00eatre align\u00e9 avec d\u2019autres qui\u00a0<\/span><span lang=\"fr\" tabindex=\"0\">vous permet de cr\u00e9er un affichage personnalis\u00e9 en fonction de votre espace.<\/span><\/p>\n<p><strong>WW-751-P : 45 bouteilles (1-profondeur)<\/strong><img decoding=\"async\" loading=\"lazy\" class=\" wp-image-2090 aligncenter\" src=\"https:\/\/www.cellarview.ch\/wp-content\/uploads\/2025\/10\/WW-751-KCHa-1.jpg\" alt=\"\" width=\"421\" height=\"748\" srcset=\"https:\/\/www.cellarview.ch\/wp-content\/uploads\/2025\/10\/WW-751-KCHa-1.jpg 563w, https:\/\/www.cellarview.ch\/wp-content\/uploads\/2025\/10\/WW-751-KCHa-1-169x300.jpg 169w\" sizes=\"(max-width: 421px) 100vw, 421px\" \/><\/p>\n<p><strong>WW-752-P : 90 bouteilles (2-profondeurs)<\/strong><img decoding=\"async\" loading=\"lazy\" class=\" wp-image-2091 aligncenter\" src=\"https:\/\/www.cellarview.ch\/wp-content\/uploads\/2025\/10\/WW-752-KCHa-1.jpg\" alt=\"\" width=\"424\" height=\"754\" srcset=\"https:\/\/www.cellarview.ch\/wp-content\/uploads\/2025\/10\/WW-752-KCHa-1.jpg 562w, https:\/\/www.cellarview.ch\/wp-content\/uploads\/2025\/10\/WW-752-KCHa-1-169x300.jpg 169w\" sizes=\"(max-width: 424px) 100vw, 424px\" \/><\/p>\n<p><strong>WW-753-P : 135 bouteilles (3-profondeurs)<\/strong><img decoding=\"async\" loading=\"lazy\" class=\" wp-image-2092 aligncenter\" src=\"https:\/\/www.cellarview.ch\/wp-content\/uploads\/2025\/10\/WW-753-KCHa-1.jpg\" alt=\"\" width=\"424\" height=\"754\" srcset=\"https:\/\/www.cellarview.ch\/wp-content\/uploads\/2025\/10\/WW-753-KCHa-1.jpg 562w, https:\/\/www.cellarview.ch\/wp-content\/uploads\/2025\/10\/WW-753-KCHa-1-169x300.jpg 169w\" sizes=\"(max-width: 424px) 100vw, 424px\" \/><\/p>\n<p>&nbsp;<\/p>","protected":false},"excerpt":{"rendered":"<p>Le\u00a0CellarView II S\u00e9rie 75-P\u00a0est un support \u00e0 bouteilles d\u2019une hauteur maximale de quinze bouteilles (190.5 cm) et de 1 \u00e0 3 bouteilles en profondeur qui constitue un \u00e9l\u00e9ment id\u00e9al pour les bars et autres petits projets. Il peut \u00e9galement \u00eatre align\u00e9 avec d\u2019autres qui\u00a0vous permet de cr\u00e9er un affichage personnalis\u00e9 en fonction de votre espace. &hellip; <a href=\"https:\/\/www.cellarview.ch\/fr\/cellarview-ii\/rack-platinum\/ww-75-p\/\" class=\"more-link\">Continuer la lecture<span class=\"screen-reader-text\"> de <span class=\"screen-reader-text\">WW-75-P<\/span><\/span>&nbsp;<span class=\"meta-nav\">&rarr;<\/span><\/a><\/p>\n","protected":false},"author":1,"featured_media":0,"parent":1660,"menu_order":6,"comment_status":"closed","ping_status":"closed","template":"","meta":[],"_links":{"self":[{"href":"https:\/\/www.cellarview.ch\/fr\/wp-json\/wp\/v2\/pages\/2089"}],"collection":[{"href":"https:\/\/www.cellarview.ch\/fr\/wp-json\/wp\/v2\/pages"}],"about":[{"href":"https:\/\/www.cellarview.ch\/fr\/wp-json\/wp\/v2\/types\/page"}],"author":[{"embeddable":true,"href":"https:\/\/www.cellarview.ch\/fr\/wp-json\/wp\/v2\/users\/1"}],"replies":[{"embeddable":true,"href":"https:\/\/www.cellarview.ch\/fr\/wp-json\/wp\/v2\/comments?post=2089"}],"version-history":[{"count":1,"href":"https:\/\/www.cellarview.ch\/fr\/wp-json\/wp\/v2\/pages\/2089\/revisions"}],"predecessor-version":[{"id":2094,"href":"https:\/\/www.cellarview.ch\/fr\/wp-json\/wp\/v2\/pages\/2089\/revisions\/2094"}],"up":[{"embeddable":true,"href":"https:\/\/www.cellarview.ch\/fr\/wp-json\/wp\/v2\/pages\/1660"}],"wp:attachment":[{"href":"https:\/\/www.cellarview.ch\/fr\/wp-json\/wp\/v2\/media?parent=2089"}],"curies":[{"name":"wp","href":"https:\/\/api.w.org\/{rel}","templated":true}]}}