{"id":24,"date":"2016-05-06T13:10:23","date_gmt":"2016-05-06T11:10:23","guid":{"rendered":"http:\/\/edjhdcub.preview.infomaniak.com\/?page_id=24"},"modified":"2025-04-02T12:32:50","modified_gmt":"2025-04-02T10:32:50","slug":"rack-noir","status":"publish","type":"page","link":"https:\/\/www.cellarview.ch\/fr\/rack-noir\/","title":{"rendered":"Rack Noir"},"content":{"rendered":"<p><\/p>\n<p style=\"text-align: justify;\">La gamme <strong>CellarView Noir<\/strong> existe en 1, 2 ou 3 bouteilles en profondeur et de 3 \u00e0 24 bouteilles en hauteur. Des supports pour Magnum, avec 9 bouteilles en hauteur et 1 ou 2 bouteilles en profondeur, sont \u00e9galement disponibles.<\/p>\n<p style=\"text-align: justify;\">Particuli\u00e8rement flexible et extr\u00eamement facile \u00e0 installer dans toutes les caves \u00e0 vin, ce syst\u00e8me de support \u00e0 bouteille est infiniment modulable pour le stockage de trois \u00e0 plusieurs milliers de bouteilles. <strong>La visserie n&rsquo;est pas incluse.<\/strong><\/p>\n<p style=\"text-align: justify;\">Les racks sont fabriqu\u00e9s dans de l&rsquo;acier de qualit\u00e9 et sont disponibles en deux coloris : <strong>noir mat<\/strong> ou <strong>nickel bross\u00e9<\/strong>.<\/p>\n<p style=\"text-align: justify;\"><img decoding=\"async\" loading=\"lazy\" class=\"wp-image-163 aligncenter\" src=\"http:\/\/www.cellarview.ch\/wp-content\/uploads\/2016\/05\/vanilla1417.jpg\" alt=\"\" width=\"381\" height=\"286\" srcset=\"https:\/\/www.cellarview.ch\/wp-content\/uploads\/2016\/05\/vanilla1417.jpg 2592w, https:\/\/www.cellarview.ch\/wp-content\/uploads\/2016\/05\/vanilla1417-300x225.jpg 300w, https:\/\/www.cellarview.ch\/wp-content\/uploads\/2016\/05\/vanilla1417-768x576.jpg 768w, https:\/\/www.cellarview.ch\/wp-content\/uploads\/2016\/05\/vanilla1417-1024x768.jpg 1024w\" sizes=\"(max-width: 381px) 100vw, 381px\" \/><\/p>\n<p><img decoding=\"async\" loading=\"lazy\" class=\"wp-image-8 aligncenter\" src=\"http:\/\/www.cellarview.ch\/wp-content\/uploads\/2016\/05\/Residential-01.jpg\" alt=\"\" width=\"383\" height=\"511\" srcset=\"https:\/\/www.cellarview.ch\/wp-content\/uploads\/2016\/05\/Residential-01.jpg 480w, https:\/\/www.cellarview.ch\/wp-content\/uploads\/2016\/05\/Residential-01-225x300.jpg 225w\" sizes=\"(max-width: 383px) 100vw, 383px\" \/><\/p>\n<p>Porte-\u00e9tiquette &#8211; Visible, polyvalent et facile \u00e0 mettre en place.<\/p>\n<p><img decoding=\"async\" loading=\"lazy\" class=\"size-full wp-image-725 aligncenter\" src=\"http:\/\/www.cellarview.ch\/wp-content\/uploads\/2016\/05\/PTH-ROD-1.jpg\" alt=\"PTH-ROD\" width=\"251\" height=\"233\" \/><\/p>\n<p style=\"text-align: center;\">Fr. 1.50 p.<\/p>\n<p>&nbsp;<\/p>","protected":false},"excerpt":{"rendered":"<p>La gamme CellarView Noir existe en 1, 2 ou 3 bouteilles en profondeur et de 3 \u00e0 24 bouteilles en hauteur. Des supports pour Magnum, avec 9 bouteilles en hauteur et 1 ou 2 bouteilles en profondeur, sont \u00e9galement disponibles. Particuli\u00e8rement flexible et extr\u00eamement facile \u00e0 installer dans toutes les caves \u00e0 vin, ce syst\u00e8me &hellip; <a href=\"https:\/\/www.cellarview.ch\/fr\/rack-noir\/\" class=\"more-link\">Continuer la lecture<span class=\"screen-reader-text\"> de <span class=\"screen-reader-text\">Rack Noir<\/span><\/span>&nbsp;<span class=\"meta-nav\">&rarr;<\/span><\/a><\/p>\n","protected":false},"author":1,"featured_media":0,"parent":0,"menu_order":0,"comment_status":"closed","ping_status":"closed","template":"","meta":[],"_links":{"self":[{"href":"https:\/\/www.cellarview.ch\/fr\/wp-json\/wp\/v2\/pages\/24"}],"collection":[{"href":"https:\/\/www.cellarview.ch\/fr\/wp-json\/wp\/v2\/pages"}],"about":[{"href":"https:\/\/www.cellarview.ch\/fr\/wp-json\/wp\/v2\/types\/page"}],"author":[{"embeddable":true,"href":"https:\/\/www.cellarview.ch\/fr\/wp-json\/wp\/v2\/users\/1"}],"replies":[{"embeddable":true,"href":"https:\/\/www.cellarview.ch\/fr\/wp-json\/wp\/v2\/comments?post=24"}],"version-history":[{"count":21,"href":"https:\/\/www.cellarview.ch\/fr\/wp-json\/wp\/v2\/pages\/24\/revisions"}],"predecessor-version":[{"id":1823,"href":"https:\/\/www.cellarview.ch\/fr\/wp-json\/wp\/v2\/pages\/24\/revisions\/1823"}],"wp:attachment":[{"href":"https:\/\/www.cellarview.ch\/fr\/wp-json\/wp\/v2\/media?parent=24"}],"curies":[{"name":"wp","href":"https:\/\/api.w.org\/{rel}","templated":true}]}}