{"id":29,"date":"2016-05-06T13:18:10","date_gmt":"2016-05-06T11:18:10","guid":{"rendered":"http:\/\/edjhdcub.preview.infomaniak.com\/?page_id=29"},"modified":"2021-03-09T16:37:52","modified_gmt":"2021-03-09T15:37:52","slug":"rack-magnum","status":"publish","type":"page","link":"https:\/\/www.cellarview.ch\/fr\/rack-magnum\/","title":{"rendered":"Magnum"},"content":{"rendered":"<p><\/p>\n<p style=\"text-align: justify;\">La gamme <strong>CellarView<\/strong> est compl\u00e9t\u00e9e par le <strong>Rack Magnum<\/strong>, avec\u00a09 bouteilles en hauteur et 1 ou 2 bouteilles en profondeur.<\/p>\n<p style=\"text-align: justify;\">Les racks sont fabriqu\u00e9s dans de l&rsquo;acier de qualit\u00e9 disponibles en deux coloris <strong>noir mat<\/strong> ou <strong>nickel bross\u00e9<\/strong>. <strong>La visserie n&rsquo;est pas incluse.<\/strong><\/p>\n<p style=\"text-align: justify;\">Particuli\u00e8rement flexible et extr\u00eamement facile \u00e0 installer, CellarView est infiniment modulable pour le stockage de neuf \u00e0 plusieurs milliers de bouteilles.<\/p>\n<p style=\"text-align: justify;\"><img decoding=\"async\" loading=\"lazy\" class=\"wp-image-441 aligncenter\" src=\"http:\/\/www.cellarview.ch\/wp-content\/uploads\/2016\/05\/cabinets_8224a.jpg\" alt=\"\" width=\"337\" height=\"507\" srcset=\"https:\/\/www.cellarview.ch\/wp-content\/uploads\/2016\/05\/cabinets_8224a.jpg 2000w, https:\/\/www.cellarview.ch\/wp-content\/uploads\/2016\/05\/cabinets_8224a-199x300.jpg 199w, https:\/\/www.cellarview.ch\/wp-content\/uploads\/2016\/05\/cabinets_8224a-768x1155.jpg 768w, https:\/\/www.cellarview.ch\/wp-content\/uploads\/2016\/05\/cabinets_8224a-681x1024.jpg 681w\" sizes=\"(max-width: 337px) 100vw, 337px\" \/><\/p>\n<p style=\"text-align: justify;\"><img decoding=\"async\" loading=\"lazy\" class=\"wp-image-442 aligncenter\" src=\"http:\/\/www.cellarview.ch\/wp-content\/uploads\/2016\/05\/DSC_4416.jpg\" alt=\"\" width=\"337\" height=\"491\" srcset=\"https:\/\/www.cellarview.ch\/wp-content\/uploads\/2016\/05\/DSC_4416.jpg 1608w, https:\/\/www.cellarview.ch\/wp-content\/uploads\/2016\/05\/DSC_4416-206x300.jpg 206w, https:\/\/www.cellarview.ch\/wp-content\/uploads\/2016\/05\/DSC_4416-768x1120.jpg 768w, https:\/\/www.cellarview.ch\/wp-content\/uploads\/2016\/05\/DSC_4416-702x1024.jpg 702w\" sizes=\"(max-width: 337px) 100vw, 337px\" \/><\/p>\n<p style=\"text-align: justify;\">Porte-\u00e9tiquette:\u00a0 Visible, polyvalent et facile \u00e0 installer.<\/p>\n<p><img decoding=\"async\" loading=\"lazy\" class=\"size-full wp-image-725 aligncenter\" src=\"http:\/\/www.cellarview.ch\/wp-content\/uploads\/2016\/05\/PTH-ROD-1.jpg\" alt=\"PTH-ROD\" width=\"251\" height=\"233\" \/><\/p>\n<p style=\"text-align: center;\">Fr. 1.50 p.<\/p>\n<p><\/p>","protected":false},"excerpt":{"rendered":"<p>La gamme CellarView est compl\u00e9t\u00e9e par le Rack Magnum, avec\u00a09 bouteilles en hauteur et 1 ou 2 bouteilles en profondeur. Les racks sont fabriqu\u00e9s dans de l&rsquo;acier de qualit\u00e9 disponibles en deux coloris noir mat ou nickel bross\u00e9. La visserie n&rsquo;est pas incluse. Particuli\u00e8rement flexible et extr\u00eamement facile \u00e0 installer, CellarView est infiniment modulable pour &hellip; <a href=\"https:\/\/www.cellarview.ch\/fr\/rack-magnum\/\" class=\"more-link\">Continuer la lecture<span class=\"screen-reader-text\"> de <span class=\"screen-reader-text\">Magnum<\/span><\/span>&nbsp;<span class=\"meta-nav\">&rarr;<\/span><\/a><\/p>\n","protected":false},"author":1,"featured_media":0,"parent":0,"menu_order":0,"comment_status":"closed","ping_status":"closed","template":"","meta":[],"_links":{"self":[{"href":"https:\/\/www.cellarview.ch\/fr\/wp-json\/wp\/v2\/pages\/29"}],"collection":[{"href":"https:\/\/www.cellarview.ch\/fr\/wp-json\/wp\/v2\/pages"}],"about":[{"href":"https:\/\/www.cellarview.ch\/fr\/wp-json\/wp\/v2\/types\/page"}],"author":[{"embeddable":true,"href":"https:\/\/www.cellarview.ch\/fr\/wp-json\/wp\/v2\/users\/1"}],"replies":[{"embeddable":true,"href":"https:\/\/www.cellarview.ch\/fr\/wp-json\/wp\/v2\/comments?post=29"}],"version-history":[{"count":11,"href":"https:\/\/www.cellarview.ch\/fr\/wp-json\/wp\/v2\/pages\/29\/revisions"}],"predecessor-version":[{"id":1601,"href":"https:\/\/www.cellarview.ch\/fr\/wp-json\/wp\/v2\/pages\/29\/revisions\/1601"}],"wp:attachment":[{"href":"https:\/\/www.cellarview.ch\/fr\/wp-json\/wp\/v2\/media?parent=29"}],"curies":[{"name":"wp","href":"https:\/\/api.w.org\/{rel}","templated":true}]}}