{"id":323,"date":"2016-05-10T18:00:10","date_gmt":"2016-05-10T16:00:10","guid":{"rendered":"http:\/\/edjhdcub.preview.infomaniak.com\/?page_id=323"},"modified":"2025-10-23T16:47:22","modified_gmt":"2025-10-23T14:47:22","slug":"accueil2","status":"publish","type":"page","link":"https:\/\/www.cellarview.ch\/fr\/","title":{"rendered":"Accueil"},"content":{"rendered":"<p><\/p>\n<h4 style=\"text-align: center;\"><span style=\"color: #800000;\">Solutions Optimales pour le Stockage de Vos Vins<\/span><\/h4>\n<h4 style=\"text-align: center;\"><span style=\"color: #800000;\"><img decoding=\"async\" loading=\"lazy\" class=\"size-full wp-image-1957 aligncenter\" src=\"https:\/\/www.cellarview.ch\/wp-content\/uploads\/2025\/10\/Sol-Plafond.jpg\" alt=\"\" width=\"640\" height=\"480\" srcset=\"https:\/\/www.cellarview.ch\/wp-content\/uploads\/2025\/10\/Sol-Plafond.jpg 640w, https:\/\/www.cellarview.ch\/wp-content\/uploads\/2025\/10\/Sol-Plafond-300x225.jpg 300w\" sizes=\"(max-width: 640px) 100vw, 640px\" \/><\/span><\/h4>\n<h4><\/h4>\n<p style=\"text-align: justify;\">Nous sommes sp\u00e9cialis\u00e9s dans la <strong>cr\u00e9ation<\/strong>,<strong>\u00a0 la construction<\/strong>, \u00a0<strong>l\u2019agencement complet <\/strong>et<strong> la climatisation <\/strong>de cave \u00e0 vins pour particuliers et professionnels, bar \u00e0 vins et restaurants dans toute la Suisse Romande.<\/p>\n<p><span style=\"color: #800000;\"><strong>Devis gratuit et sans engagement.<\/strong><\/span><\/p>\n<p><span style=\"color: #800000;\"><img decoding=\"async\" loading=\"lazy\" class=\"size-full wp-image-1959 aligncenter\" src=\"https:\/\/www.cellarview.ch\/wp-content\/uploads\/2025\/10\/IMG_8135-B-Essai-scaled.jpg\" alt=\"\" width=\"1920\" height=\"2560\" srcset=\"https:\/\/www.cellarview.ch\/wp-content\/uploads\/2025\/10\/IMG_8135-B-Essai-scaled.jpg 1920w, https:\/\/www.cellarview.ch\/wp-content\/uploads\/2025\/10\/IMG_8135-B-Essai-225x300.jpg 225w, https:\/\/www.cellarview.ch\/wp-content\/uploads\/2025\/10\/IMG_8135-B-Essai-768x1024.jpg 768w, https:\/\/www.cellarview.ch\/wp-content\/uploads\/2025\/10\/IMG_8135-B-Essai-1152x1536.jpg 1152w, https:\/\/www.cellarview.ch\/wp-content\/uploads\/2025\/10\/IMG_8135-B-Essai-1536x2048.jpg 1536w\" sizes=\"(max-width: 1920px) 100vw, 1920px\" \/><\/span><\/p>\n<p style=\"text-align: justify;\">Un design innovant et contemporain permettant une magnifique pr\u00e9sentation de votre cave \u00e0 vin\u00a0et une mise en valeur unique de vos bouteilles. Avec ces supports exclusifs les \u00e9tiquettes et les mill\u00e9simes sont\u00a0lisibles sans bouger vos pr\u00e9cieux crus.<\/p>\n<p style=\"text-align: justify;\">Le design innovateur de <strong>CellarView<\/strong> vous permet de disposer vos bouteilles de vin dans des espaces o\u00f9 le stockage traditionnel, avec le bouchon en avant, n&rsquo;est pas possible.<\/p>\n<p style=\"text-align: justify;\"><img decoding=\"async\" loading=\"lazy\" class=\"wp-image-569 aligncenter\" src=\"http:\/\/www.cellarview.ch\/wp-content\/uploads\/2016\/05\/CellarView-13-2.jpg\" alt=\"\" width=\"441\" height=\"700\" srcset=\"https:\/\/www.cellarview.ch\/wp-content\/uploads\/2016\/05\/CellarView-13-2.jpg 678w, https:\/\/www.cellarview.ch\/wp-content\/uploads\/2016\/05\/CellarView-13-2-189x300.jpg 189w, https:\/\/www.cellarview.ch\/wp-content\/uploads\/2016\/05\/CellarView-13-2-645x1024.jpg 645w\" sizes=\"(max-width: 441px) 100vw, 441px\" \/><\/p>\n<p style=\"text-align: justify;\">Les supports CellarView sont con\u00e7us pour \u00eatre viss\u00e9s contre un mur. Lorsqu&rsquo;un montage mural n&rsquo;est pas possible, vous pouvez utiliser le cadre de support \u00ab\u00a0<strong>Sol-Plafond<\/strong>\u00ab\u00a0. Ce cadre se fixe entre le sol et le plafond et permet d&rsquo;installer les supports au milieu d&rsquo;une pi\u00e8ce, derri\u00e8re une paroi vitr\u00e9e ou m\u00eame devant un mur in\u00e9gal.<\/p>\n<p style=\"text-align: justify;\">Cette option permet une grande souplesse pour l&rsquo;installation des supports. Une cave \u00e0 vin sur mesure avec un syst\u00e8me de rangement unique dans n&rsquo;importe quel lieu.<\/p>\n<p style=\"text-align: justify;\">Dans une cuisine, une cave \u00e0 vin personnelle, un restaurant, un bar ou un point de vente, CellarView vous permet de cr\u00e9er des solutions inhabituelles et originales dans le lieu de votre choix et avec une mise en valeur unique de vos bouteilles.<\/p>\n<p style=\"text-align: justify;\"><span lang=\"fr\" tabindex=\"0\">Le <strong>CellarView II<\/strong> est un syst\u00e8me de supports \u00e0 bouteilles modulaire qui allie un design moderne \u00e0 une fonctionnalit\u00e9 intelligente, id\u00e9al pour les projets de stockage mural grand ou petit. Ce syst\u00e8me \u00e9l\u00e9gant utilise des tiges en acier pour contenir tous types de bouteilles : standard, champagne, pinot noir ou de magnum, le tout dans la m\u00eame rang\u00e9e. Notre conception exclusive permet une installation robuste sur toute surface.<\/span><\/p>\n<p><img decoding=\"async\" loading=\"lazy\" class=\"size-full wp-image-2137 aligncenter\" src=\"https:\/\/www.cellarview.ch\/wp-content\/uploads\/2025\/10\/WW-1C-Room-2-scaled.jpg\" alt=\"\" width=\"2560\" height=\"2560\" srcset=\"https:\/\/www.cellarview.ch\/wp-content\/uploads\/2025\/10\/WW-1C-Room-2-scaled.jpg 2560w, https:\/\/www.cellarview.ch\/wp-content\/uploads\/2025\/10\/WW-1C-Room-2-300x300.jpg 300w, https:\/\/www.cellarview.ch\/wp-content\/uploads\/2025\/10\/WW-1C-Room-2-1024x1024.jpg 1024w, https:\/\/www.cellarview.ch\/wp-content\/uploads\/2025\/10\/WW-1C-Room-2-150x150.jpg 150w, https:\/\/www.cellarview.ch\/wp-content\/uploads\/2025\/10\/WW-1C-Room-2-768x768.jpg 768w, https:\/\/www.cellarview.ch\/wp-content\/uploads\/2025\/10\/WW-1C-Room-2-1536x1536.jpg 1536w, https:\/\/www.cellarview.ch\/wp-content\/uploads\/2025\/10\/WW-1C-Room-2-2048x2048.jpg 2048w\" sizes=\"(max-width: 2560px) 100vw, 2560px\" \/><\/p>\n<p><img decoding=\"async\" loading=\"lazy\" class=\"size-full wp-image-1937 aligncenter\" src=\"https:\/\/www.cellarview.ch\/wp-content\/uploads\/2025\/10\/WW-12X6X2-KK-room1-scaled.jpg\" alt=\"\" width=\"2560\" height=\"2560\" srcset=\"https:\/\/www.cellarview.ch\/wp-content\/uploads\/2025\/10\/WW-12X6X2-KK-room1-scaled.jpg 2560w, https:\/\/www.cellarview.ch\/wp-content\/uploads\/2025\/10\/WW-12X6X2-KK-room1-300x300.jpg 300w, https:\/\/www.cellarview.ch\/wp-content\/uploads\/2025\/10\/WW-12X6X2-KK-room1-1024x1024.jpg 1024w, https:\/\/www.cellarview.ch\/wp-content\/uploads\/2025\/10\/WW-12X6X2-KK-room1-150x150.jpg 150w, https:\/\/www.cellarview.ch\/wp-content\/uploads\/2025\/10\/WW-12X6X2-KK-room1-768x768.jpg 768w, https:\/\/www.cellarview.ch\/wp-content\/uploads\/2025\/10\/WW-12X6X2-KK-room1-1536x1536.jpg 1536w, https:\/\/www.cellarview.ch\/wp-content\/uploads\/2025\/10\/WW-12X6X2-KK-room1-2048x2048.jpg 2048w\" sizes=\"(max-width: 2560px) 100vw, 2560px\" \/><\/p>\n<h4><\/h4>\n<p>&nbsp;<\/p>","protected":false},"excerpt":{"rendered":"<p>Solutions Optimales pour le Stockage de Vos Vins Nous sommes sp\u00e9cialis\u00e9s dans la cr\u00e9ation,\u00a0 la construction, \u00a0l\u2019agencement complet et la climatisation de cave \u00e0 vins pour particuliers et professionnels, bar \u00e0 vins et restaurants dans toute la Suisse Romande. Devis gratuit et sans engagement. Un design innovant et contemporain permettant une magnifique pr\u00e9sentation de votre &hellip; <a href=\"https:\/\/www.cellarview.ch\/fr\/\" class=\"more-link\">Continuer la lecture<span class=\"screen-reader-text\"> de <span class=\"screen-reader-text\">Accueil<\/span><\/span>&nbsp;<span class=\"meta-nav\">&rarr;<\/span><\/a><\/p>\n","protected":false},"author":1,"featured_media":0,"parent":0,"menu_order":0,"comment_status":"closed","ping_status":"closed","template":"","meta":[],"_links":{"self":[{"href":"https:\/\/www.cellarview.ch\/fr\/wp-json\/wp\/v2\/pages\/323"}],"collection":[{"href":"https:\/\/www.cellarview.ch\/fr\/wp-json\/wp\/v2\/pages"}],"about":[{"href":"https:\/\/www.cellarview.ch\/fr\/wp-json\/wp\/v2\/types\/page"}],"author":[{"embeddable":true,"href":"https:\/\/www.cellarview.ch\/fr\/wp-json\/wp\/v2\/users\/1"}],"replies":[{"embeddable":true,"href":"https:\/\/www.cellarview.ch\/fr\/wp-json\/wp\/v2\/comments?post=323"}],"version-history":[{"count":37,"href":"https:\/\/www.cellarview.ch\/fr\/wp-json\/wp\/v2\/pages\/323\/revisions"}],"predecessor-version":[{"id":2138,"href":"https:\/\/www.cellarview.ch\/fr\/wp-json\/wp\/v2\/pages\/323\/revisions\/2138"}],"wp:attachment":[{"href":"https:\/\/www.cellarview.ch\/fr\/wp-json\/wp\/v2\/media?parent=323"}],"curies":[{"name":"wp","href":"https:\/\/api.w.org\/{rel}","templated":true}]}}