{"id":446,"date":"2016-05-12T15:34:39","date_gmt":"2016-05-12T13:34:39","guid":{"rendered":"http:\/\/edjhdcub.preview.infomaniak.com\/?page_id=446"},"modified":"2021-03-09T16:38:40","modified_gmt":"2021-03-09T15:38:40","slug":"mag1-k","status":"publish","type":"page","link":"https:\/\/www.cellarview.ch\/fr\/rack-magnum\/mag1-k\/","title":{"rendered":"MAG1"},"content":{"rendered":"<p>WSMAG1 <strong>(noir mat ou nickel bross\u00e9) <\/strong>supports ont une capacit\u00e9 de 9 magnums.<\/p>\n<p><img decoding=\"async\" loading=\"lazy\" class=\"wp-image-239 aligncenter\" src=\"http:\/\/www.cellarview.ch\/wp-content\/uploads\/2016\/05\/ws31_bottles-1.jpg\" alt=\"\" width=\"204\" height=\"513\" srcset=\"https:\/\/www.cellarview.ch\/wp-content\/uploads\/2016\/05\/ws31_bottles-1.jpg 404w, https:\/\/www.cellarview.ch\/wp-content\/uploads\/2016\/05\/ws31_bottles-1-119x300.jpg 119w\" sizes=\"(max-width: 204px) 100vw, 204px\" \/><\/p>\n<p style=\"text-align: justify;\">Chaque support \u00e0 deux montants \u2013 un pour supporter la base et l\u2019autre le col de la bouteille de magnum. Ceux-ci sont fix\u00e9s individuellement dans le mur. Ces supports \u00e0 bouteilles sont facile d\u2019installation (3 vis dans chaque montant <strong>non inclus<\/strong>) et peuvent \u00eatre utilis\u00e9s pour stocker les bouteilles de vin dans n\u2019importe quel espace.<\/p>\n<p>Capacit\u00e9 : 9 bouteilles \/\u00a01 profondeur<br \/>\nDimensions : H 114 x L 38 x P 13.5 cm<br \/>\nColoris : <strong>Noir mat ou nickel bross\u00e9<\/strong><\/p>","protected":false},"excerpt":{"rendered":"<p>WSMAG1 (noir mat ou nickel bross\u00e9) supports ont une capacit\u00e9 de 9 magnums. Chaque support \u00e0 deux montants \u2013 un pour supporter la base et l\u2019autre le col de la bouteille de magnum. Ceux-ci sont fix\u00e9s individuellement dans le mur. Ces supports \u00e0 bouteilles sont facile d\u2019installation (3 vis dans chaque montant non inclus) et &hellip; <a href=\"https:\/\/www.cellarview.ch\/fr\/rack-magnum\/mag1-k\/\" class=\"more-link\">Continuer la lecture<span class=\"screen-reader-text\"> de <span class=\"screen-reader-text\">MAG1<\/span><\/span>&nbsp;<span class=\"meta-nav\">&rarr;<\/span><\/a><\/p>\n","protected":false},"author":1,"featured_media":0,"parent":29,"menu_order":1,"comment_status":"closed","ping_status":"closed","template":"","meta":[],"_links":{"self":[{"href":"https:\/\/www.cellarview.ch\/fr\/wp-json\/wp\/v2\/pages\/446"}],"collection":[{"href":"https:\/\/www.cellarview.ch\/fr\/wp-json\/wp\/v2\/pages"}],"about":[{"href":"https:\/\/www.cellarview.ch\/fr\/wp-json\/wp\/v2\/types\/page"}],"author":[{"embeddable":true,"href":"https:\/\/www.cellarview.ch\/fr\/wp-json\/wp\/v2\/users\/1"}],"replies":[{"embeddable":true,"href":"https:\/\/www.cellarview.ch\/fr\/wp-json\/wp\/v2\/comments?post=446"}],"version-history":[{"count":10,"href":"https:\/\/www.cellarview.ch\/fr\/wp-json\/wp\/v2\/pages\/446\/revisions"}],"predecessor-version":[{"id":1602,"href":"https:\/\/www.cellarview.ch\/fr\/wp-json\/wp\/v2\/pages\/446\/revisions\/1602"}],"up":[{"embeddable":true,"href":"https:\/\/www.cellarview.ch\/fr\/wp-json\/wp\/v2\/pages\/29"}],"wp:attachment":[{"href":"https:\/\/www.cellarview.ch\/fr\/wp-json\/wp\/v2\/media?parent=446"}],"curies":[{"name":"wp","href":"https:\/\/api.w.org\/{rel}","templated":true}]}}