{"id":455,"date":"2016-05-12T15:42:48","date_gmt":"2016-05-12T13:42:48","guid":{"rendered":"http:\/\/edjhdcub.preview.infomaniak.com\/?page_id=455"},"modified":"2021-03-09T16:39:22","modified_gmt":"2021-03-09T15:39:22","slug":"mag2","status":"publish","type":"page","link":"https:\/\/www.cellarview.ch\/fr\/rack-magnum\/mag2\/","title":{"rendered":"MAG2"},"content":{"rendered":"<p>WSMAG2 <strong>(noir mat ou nickel bross\u00e9) <\/strong>supports ont une capacit\u00e9 de 18 magnums.<\/p>\n<p><img decoding=\"async\" loading=\"lazy\" class=\"wp-image-244 aligncenter\" src=\"http:\/\/www.cellarview.ch\/wp-content\/uploads\/2016\/05\/ws32-1.jpg\" alt=\"\" width=\"473\" height=\"473\" srcset=\"https:\/\/www.cellarview.ch\/wp-content\/uploads\/2016\/05\/ws32-1.jpg 2204w, https:\/\/www.cellarview.ch\/wp-content\/uploads\/2016\/05\/ws32-1-150x150.jpg 150w, https:\/\/www.cellarview.ch\/wp-content\/uploads\/2016\/05\/ws32-1-300x300.jpg 300w, https:\/\/www.cellarview.ch\/wp-content\/uploads\/2016\/05\/ws32-1-768x768.jpg 768w, https:\/\/www.cellarview.ch\/wp-content\/uploads\/2016\/05\/ws32-1-1024x1024.jpg 1024w\" sizes=\"(max-width: 473px) 100vw, 473px\" \/><\/p>\n<p style=\"text-align: justify;\">Chaque support \u00e0 deux montants \u2013 un pour supporter la base et l\u2019autre le col de la bouteille de magnum. Ceux-ci sont fix\u00e9s individuellement dans le mur. Ces supports \u00e0 bouteilles sont facile d\u2019installation (3 vis dans chaque montant <strong>non inclus<\/strong>) et peuvent \u00eatre utilis\u00e9s pour stocker les bouteilles de vin dans n\u2019importe quel espace.<\/p>\n<p>Capacit\u00e9 : 18 bouteilles \/\u00a02 profondeur<br \/>\nDimensions : H 114 x L 38 x P\u00a025.7 cm<br \/>\nColoris : <strong>Noir mat ou nickel bross\u00e9<\/strong><\/p>","protected":false},"excerpt":{"rendered":"<p>WSMAG2 (noir mat ou nickel bross\u00e9) supports ont une capacit\u00e9 de 18 magnums. Chaque support \u00e0 deux montants \u2013 un pour supporter la base et l\u2019autre le col de la bouteille de magnum. Ceux-ci sont fix\u00e9s individuellement dans le mur. Ces supports \u00e0 bouteilles sont facile d\u2019installation (3 vis dans chaque montant non inclus) et &hellip; <a href=\"https:\/\/www.cellarview.ch\/fr\/rack-magnum\/mag2\/\" class=\"more-link\">Continuer la lecture<span class=\"screen-reader-text\"> de <span class=\"screen-reader-text\">MAG2<\/span><\/span>&nbsp;<span class=\"meta-nav\">&rarr;<\/span><\/a><\/p>\n","protected":false},"author":1,"featured_media":0,"parent":29,"menu_order":2,"comment_status":"closed","ping_status":"closed","template":"","meta":[],"_links":{"self":[{"href":"https:\/\/www.cellarview.ch\/fr\/wp-json\/wp\/v2\/pages\/455"}],"collection":[{"href":"https:\/\/www.cellarview.ch\/fr\/wp-json\/wp\/v2\/pages"}],"about":[{"href":"https:\/\/www.cellarview.ch\/fr\/wp-json\/wp\/v2\/types\/page"}],"author":[{"embeddable":true,"href":"https:\/\/www.cellarview.ch\/fr\/wp-json\/wp\/v2\/users\/1"}],"replies":[{"embeddable":true,"href":"https:\/\/www.cellarview.ch\/fr\/wp-json\/wp\/v2\/comments?post=455"}],"version-history":[{"count":9,"href":"https:\/\/www.cellarview.ch\/fr\/wp-json\/wp\/v2\/pages\/455\/revisions"}],"predecessor-version":[{"id":1603,"href":"https:\/\/www.cellarview.ch\/fr\/wp-json\/wp\/v2\/pages\/455\/revisions\/1603"}],"up":[{"embeddable":true,"href":"https:\/\/www.cellarview.ch\/fr\/wp-json\/wp\/v2\/pages\/29"}],"wp:attachment":[{"href":"https:\/\/www.cellarview.ch\/fr\/wp-json\/wp\/v2\/media?parent=455"}],"curies":[{"name":"wp","href":"https:\/\/api.w.org\/{rel}","templated":true}]}}