{"id":528,"date":"2016-05-13T16:07:44","date_gmt":"2016-05-13T14:07:44","guid":{"rendered":"http:\/\/edjhdcub.preview.infomaniak.com\/?page_id=528"},"modified":"2021-03-09T16:40:05","modified_gmt":"2021-03-09T15:40:05","slug":"magnum-gf","status":"publish","type":"page","link":"https:\/\/www.cellarview.ch\/fr\/rack-magnum\/magnum-gf\/","title":{"rendered":"Grand Format"},"content":{"rendered":"<p>La gamme <strong>CellarView<\/strong> est compl\u00e9t\u00e9e par le Rack Magnum GF disponible pour les grands format de bouteilles 3 \u00e0 6 litres avec 4 bouteilles en hauteur et 1 bouteille en profondeur.<\/p>\n<p>Les racks sont disponible en deux coloris noir mat ou nickel bross\u00e9. <strong>La visserie n&rsquo;est pas incluse.<\/strong><\/p>\n<p><img decoding=\"async\" loading=\"lazy\" class=\"size-full wp-image-529 aligncenter\" src=\"http:\/\/www.cellarview.ch\/wp-content\/uploads\/2016\/05\/Big-image.jpg\" alt=\"\" width=\"700\" height=\"466\" srcset=\"https:\/\/www.cellarview.ch\/wp-content\/uploads\/2016\/05\/Big-image.jpg 700w, https:\/\/www.cellarview.ch\/wp-content\/uploads\/2016\/05\/Big-image-300x200.jpg 300w\" sizes=\"(max-width: 700px) 100vw, 700px\" \/><\/p>\n<p>Capacit\u00e9 : 4 bouteilles (3 \u00e0 6 litres) \/ 1 profondeur<br \/>\nDimensions : H 75.15 x L 38 x P 20.3 cm<br \/>\nColoris : <strong>noir mat ou nickel bross\u00e9<\/strong><\/p>\n<p><span style=\"font-size: small;\">\u00a0<\/span><\/p>","protected":false},"excerpt":{"rendered":"<p>La gamme CellarView est compl\u00e9t\u00e9e par le Rack Magnum GF disponible pour les grands format de bouteilles 3 \u00e0 6 litres avec 4 bouteilles en hauteur et 1 bouteille en profondeur. Les racks sont disponible en deux coloris noir mat ou nickel bross\u00e9. La visserie n&rsquo;est pas incluse. Capacit\u00e9 : 4 bouteilles (3 \u00e0 6 &hellip; <a href=\"https:\/\/www.cellarview.ch\/fr\/rack-magnum\/magnum-gf\/\" class=\"more-link\">Continuer la lecture<span class=\"screen-reader-text\"> de <span class=\"screen-reader-text\">Grand Format<\/span><\/span>&nbsp;<span class=\"meta-nav\">&rarr;<\/span><\/a><\/p>\n","protected":false},"author":1,"featured_media":0,"parent":29,"menu_order":3,"comment_status":"closed","ping_status":"closed","template":"","meta":[],"_links":{"self":[{"href":"https:\/\/www.cellarview.ch\/fr\/wp-json\/wp\/v2\/pages\/528"}],"collection":[{"href":"https:\/\/www.cellarview.ch\/fr\/wp-json\/wp\/v2\/pages"}],"about":[{"href":"https:\/\/www.cellarview.ch\/fr\/wp-json\/wp\/v2\/types\/page"}],"author":[{"embeddable":true,"href":"https:\/\/www.cellarview.ch\/fr\/wp-json\/wp\/v2\/users\/1"}],"replies":[{"embeddable":true,"href":"https:\/\/www.cellarview.ch\/fr\/wp-json\/wp\/v2\/comments?post=528"}],"version-history":[{"count":5,"href":"https:\/\/www.cellarview.ch\/fr\/wp-json\/wp\/v2\/pages\/528\/revisions"}],"predecessor-version":[{"id":1604,"href":"https:\/\/www.cellarview.ch\/fr\/wp-json\/wp\/v2\/pages\/528\/revisions\/1604"}],"up":[{"embeddable":true,"href":"https:\/\/www.cellarview.ch\/fr\/wp-json\/wp\/v2\/pages\/29"}],"wp:attachment":[{"href":"https:\/\/www.cellarview.ch\/fr\/wp-json\/wp\/v2\/media?parent=528"}],"curies":[{"name":"wp","href":"https:\/\/api.w.org\/{rel}","templated":true}]}}