{"id":580,"date":"2016-05-19T15:11:10","date_gmt":"2016-05-19T13:11:10","guid":{"rendered":"http:\/\/edjhdcub.preview.infomaniak.com\/?page_id=580"},"modified":"2025-10-24T15:37:39","modified_gmt":"2025-10-24T13:37:39","slug":"speciales","status":"publish","type":"page","link":"https:\/\/www.cellarview.ch\/fr\/speciales\/","title":{"rendered":"Sp\u00e9cials"},"content":{"rendered":"<p>La gamme <strong>CellarView<\/strong> peut \u00eatre compl\u00e9t\u00e9e par diff\u00e9rents supports.<\/p>\n<p style=\"text-align: justify;\">Les racks sont fabriqu\u00e9s dans de l\u2019acier de qualit\u00e9 disponibles en deux coloris <strong>noir mat<\/strong> ou <strong>nickel bross\u00e9<\/strong>.<\/p>\n<p style=\"text-align: justify;\">Particuli\u00e8rement flexible et extr\u00eamement facile \u00e0 installer, CellarView est infiniment modulable pour le stockage de vos vins.<\/p>\n<p><strong>Sol-Plafond<\/strong><\/p>\n<p><img decoding=\"async\" loading=\"lazy\" class=\" wp-image-2151 aligncenter\" src=\"https:\/\/www.cellarview.ch\/wp-content\/uploads\/2025\/10\/Floor-to-ceiling-inox-2.jpg\" alt=\"\" width=\"452\" height=\"579\" srcset=\"https:\/\/www.cellarview.ch\/wp-content\/uploads\/2025\/10\/Floor-to-ceiling-inox-2.jpg 500w, https:\/\/www.cellarview.ch\/wp-content\/uploads\/2025\/10\/Floor-to-ceiling-inox-2-234x300.jpg 234w\" sizes=\"(max-width: 452px) 100vw, 452px\" \/><\/p>\n<p>&nbsp;<\/p>","protected":false},"excerpt":{"rendered":"<p>La gamme CellarView peut \u00eatre compl\u00e9t\u00e9e par diff\u00e9rents supports. Les racks sont fabriqu\u00e9s dans de l\u2019acier de qualit\u00e9 disponibles en deux coloris noir mat ou nickel bross\u00e9. Particuli\u00e8rement flexible et extr\u00eamement facile \u00e0 installer, CellarView est infiniment modulable pour le stockage de vos vins. Sol-Plafond &nbsp;<\/p>\n","protected":false},"author":1,"featured_media":0,"parent":0,"menu_order":0,"comment_status":"closed","ping_status":"closed","template":"","meta":[],"_links":{"self":[{"href":"https:\/\/www.cellarview.ch\/fr\/wp-json\/wp\/v2\/pages\/580"}],"collection":[{"href":"https:\/\/www.cellarview.ch\/fr\/wp-json\/wp\/v2\/pages"}],"about":[{"href":"https:\/\/www.cellarview.ch\/fr\/wp-json\/wp\/v2\/types\/page"}],"author":[{"embeddable":true,"href":"https:\/\/www.cellarview.ch\/fr\/wp-json\/wp\/v2\/users\/1"}],"replies":[{"embeddable":true,"href":"https:\/\/www.cellarview.ch\/fr\/wp-json\/wp\/v2\/comments?post=580"}],"version-history":[{"count":14,"href":"https:\/\/www.cellarview.ch\/fr\/wp-json\/wp\/v2\/pages\/580\/revisions"}],"predecessor-version":[{"id":2158,"href":"https:\/\/www.cellarview.ch\/fr\/wp-json\/wp\/v2\/pages\/580\/revisions\/2158"}],"wp:attachment":[{"href":"https:\/\/www.cellarview.ch\/fr\/wp-json\/wp\/v2\/media?parent=580"}],"curies":[{"name":"wp","href":"https:\/\/api.w.org\/{rel}","templated":true}]}}