{"id":64,"date":"2016-05-06T14:42:39","date_gmt":"2016-05-06T12:42:39","guid":{"rendered":"http:\/\/edjhdcub.preview.infomaniak.com\/?page_id=64"},"modified":"2025-07-04T11:07:51","modified_gmt":"2025-07-04T09:07:51","slug":"contact-commande","status":"publish","type":"page","link":"https:\/\/www.cellarview.ch\/fr\/contact-commande\/","title":{"rendered":"Contact \/ Commande"},"content":{"rendered":"<p><\/p>\n<h3><strong><img decoding=\"async\" loading=\"lazy\" class=\"alignnone wp-image-776\" src=\"http:\/\/cave-a-vin.ch\/wp-content\/uploads\/2015\/04\/Logo-4.gif\" alt=\"Logo 4\" width=\"157\" height=\"83\" \/><\/strong><\/h3>\n<p>Chemin J.-Philibert-De-Sauvage 37<br \/>\nCH &#8211; 1219 Ch\u00e2telaine<\/p>\n<p>T\u00e9l. +41 (0)22 320 79 20<br \/>\nEmail info@cellarview.ch<\/p>\n<p>Horaires : mardi-vendredi 10h00-17h00 \/ lundi sur rendez-vous<\/p>\n<p>Commande par Email &#8211; T\u00e9l\u00e9phone<br \/>\nConditions : Prix TTC d\u00e9part d\u00e9p\u00f4t &#8211; <strong>Frais de livraison et installation en sus<\/strong><\/p>\n<h6>\u00a0<strong>Devis gratuit et sans engagement.<\/strong><\/h6>\n<p style=\"text-align: justify;\">\n<p><\/p>","protected":false},"excerpt":{"rendered":"<p>Chemin J.-Philibert-De-Sauvage 37 CH &#8211; 1219 Ch\u00e2telaine T\u00e9l. +41 (0)22 320 79 20 Email info@cellarview.ch Horaires : mardi-vendredi 10h00-17h00 \/ lundi sur rendez-vous Commande par Email &#8211; T\u00e9l\u00e9phone Conditions : Prix TTC d\u00e9part d\u00e9p\u00f4t &#8211; Frais de livraison et installation en sus \u00a0Devis gratuit et sans engagement.<\/p>\n","protected":false},"author":1,"featured_media":0,"parent":0,"menu_order":0,"comment_status":"closed","ping_status":"closed","template":"","meta":[],"_links":{"self":[{"href":"https:\/\/www.cellarview.ch\/fr\/wp-json\/wp\/v2\/pages\/64"}],"collection":[{"href":"https:\/\/www.cellarview.ch\/fr\/wp-json\/wp\/v2\/pages"}],"about":[{"href":"https:\/\/www.cellarview.ch\/fr\/wp-json\/wp\/v2\/types\/page"}],"author":[{"embeddable":true,"href":"https:\/\/www.cellarview.ch\/fr\/wp-json\/wp\/v2\/users\/1"}],"replies":[{"embeddable":true,"href":"https:\/\/www.cellarview.ch\/fr\/wp-json\/wp\/v2\/comments?post=64"}],"version-history":[{"count":13,"href":"https:\/\/www.cellarview.ch\/fr\/wp-json\/wp\/v2\/pages\/64\/revisions"}],"predecessor-version":[{"id":1827,"href":"https:\/\/www.cellarview.ch\/fr\/wp-json\/wp\/v2\/pages\/64\/revisions\/1827"}],"wp:attachment":[{"href":"https:\/\/www.cellarview.ch\/fr\/wp-json\/wp\/v2\/media?parent=64"}],"curies":[{"name":"wp","href":"https:\/\/api.w.org\/{rel}","templated":true}]}}