{"id":897,"date":"2019-03-28T11:13:48","date_gmt":"2019-03-28T10:13:48","guid":{"rendered":"http:\/\/www.cellarview.ch\/?page_id=897"},"modified":"2022-02-09T12:29:47","modified_gmt":"2022-02-09T11:29:47","slug":"ws-pr","status":"publish","type":"page","link":"https:\/\/www.cellarview.ch\/fr\/speciales\/ws-pr\/","title":{"rendered":"WS-PR"},"content":{"rendered":"<p><\/p>\n<p style=\"text-align: justify;\">Pour une pr\u00e9sentation l\u00e9g\u00e8rement inclin\u00e9e\u00a0des bouteilles, le support \u00e0 bouteilles <strong>CellarView Pr\u00e9sentation<\/strong> <strong>WSPR<\/strong> <strong>(noir mat ou nickel bross\u00e9)<\/strong> s\u2019installe entre, ou au-dessus, des\u00a0supports classiques. Capacit\u00e9 de stockage 3 ou 9 bouteilles.<\/p>\n<p>Dimensions :\u00a0H ~20.5 x L 33 x P 33 cm.<\/p>\n<p><img decoding=\"async\" loading=\"lazy\" class=\"wp-image-1553 aligncenter\" src=\"https:\/\/www.cellarview.ch\/wp-content\/uploads\/2021\/03\/WS-PR1C-Pc.jpg\" alt=\"\" width=\"456\" height=\"303\" srcset=\"https:\/\/www.cellarview.ch\/wp-content\/uploads\/2021\/03\/WS-PR1C-Pc.jpg 2048w, https:\/\/www.cellarview.ch\/wp-content\/uploads\/2021\/03\/WS-PR1C-Pc-300x199.jpg 300w, https:\/\/www.cellarview.ch\/wp-content\/uploads\/2021\/03\/WS-PR1C-Pc-768x510.jpg 768w, https:\/\/www.cellarview.ch\/wp-content\/uploads\/2021\/03\/WS-PR1C-Pc-1024x680.jpg 1024w\" sizes=\"(max-width: 456px) 100vw, 456px\" \/><\/p>\n<p>&nbsp;<\/p>\n<p>Dimensions :\u00a0H ~20.5 x L 99 x P 32 cm.<\/p>\n<p><img decoding=\"async\" loading=\"lazy\" class=\"wp-image-1730 aligncenter\" src=\"https:\/\/www.cellarview.ch\/wp-content\/uploads\/2022\/02\/Presentation.jpg\" alt=\"\" width=\"459\" height=\"285\" srcset=\"https:\/\/www.cellarview.ch\/wp-content\/uploads\/2022\/02\/Presentation.jpg 3798w, https:\/\/www.cellarview.ch\/wp-content\/uploads\/2022\/02\/Presentation-300x186.jpg 300w, https:\/\/www.cellarview.ch\/wp-content\/uploads\/2022\/02\/Presentation-768x477.jpg 768w, https:\/\/www.cellarview.ch\/wp-content\/uploads\/2022\/02\/Presentation-1024x636.jpg 1024w\" sizes=\"(max-width: 459px) 100vw, 459px\" \/><\/p>\n<p>&nbsp;<\/p>","protected":false},"excerpt":{"rendered":"<p>Pour une pr\u00e9sentation l\u00e9g\u00e8rement inclin\u00e9e\u00a0des bouteilles, le support \u00e0 bouteilles CellarView Pr\u00e9sentation WSPR (noir mat ou nickel bross\u00e9) s\u2019installe entre, ou au-dessus, des\u00a0supports classiques. Capacit\u00e9 de stockage 3 ou 9 bouteilles. Dimensions :\u00a0H ~20.5 x L 33 x P 33 cm. &nbsp; Dimensions :\u00a0H ~20.5 x L 99 x P 32 cm. &nbsp;<\/p>\n","protected":false},"author":1,"featured_media":0,"parent":580,"menu_order":1,"comment_status":"closed","ping_status":"closed","template":"","meta":[],"_links":{"self":[{"href":"https:\/\/www.cellarview.ch\/fr\/wp-json\/wp\/v2\/pages\/897"}],"collection":[{"href":"https:\/\/www.cellarview.ch\/fr\/wp-json\/wp\/v2\/pages"}],"about":[{"href":"https:\/\/www.cellarview.ch\/fr\/wp-json\/wp\/v2\/types\/page"}],"author":[{"embeddable":true,"href":"https:\/\/www.cellarview.ch\/fr\/wp-json\/wp\/v2\/users\/1"}],"replies":[{"embeddable":true,"href":"https:\/\/www.cellarview.ch\/fr\/wp-json\/wp\/v2\/comments?post=897"}],"version-history":[{"count":4,"href":"https:\/\/www.cellarview.ch\/fr\/wp-json\/wp\/v2\/pages\/897\/revisions"}],"predecessor-version":[{"id":1731,"href":"https:\/\/www.cellarview.ch\/fr\/wp-json\/wp\/v2\/pages\/897\/revisions\/1731"}],"up":[{"embeddable":true,"href":"https:\/\/www.cellarview.ch\/fr\/wp-json\/wp\/v2\/pages\/580"}],"wp:attachment":[{"href":"https:\/\/www.cellarview.ch\/fr\/wp-json\/wp\/v2\/media?parent=897"}],"curies":[{"name":"wp","href":"https:\/\/api.w.org\/{rel}","templated":true}]}}