{"id":902,"date":"2019-03-28T11:25:14","date_gmt":"2019-03-28T10:25:14","guid":{"rendered":"http:\/\/www.cellarview.ch\/?page_id=902"},"modified":"2025-10-24T15:47:56","modified_gmt":"2025-10-24T13:47:56","slug":"wpop-display","status":"publish","type":"page","link":"https:\/\/www.cellarview.ch\/fr\/speciales\/wpop-display\/","title":{"rendered":"WPOP Display"},"content":{"rendered":"<p><\/p>\n<p style=\"text-align: justify;\">Le <strong>CellarView WPOP Display (noir uniquement)<\/strong> unit est utilis\u00e9 comme une pr\u00e9sentation autonome qui contient 180 bouteilles (9 en hauteur, 3 en profondeur + 18 au-dessus en pr\u00e9sentation).<\/p>\n<p style=\"text-align: justify;\">Plusieurs unit\u00e9s peuvent combiner c\u00f4te \u00e0 c\u00f4te ou dos \u00e0 dos pour cr\u00e9er un affichage complet.<\/p>\n<p>Dimensions : H 114 x L 100 x P 62 cm.<\/p>\n<p><img decoding=\"async\" loading=\"lazy\" class=\"wp-image-1733 aligncenter\" src=\"https:\/\/www.cellarview.ch\/wp-content\/uploads\/2022\/02\/WSPOP-1.jpg\" alt=\"\" width=\"429\" height=\"539\" srcset=\"https:\/\/www.cellarview.ch\/wp-content\/uploads\/2022\/02\/WSPOP-1.jpg 779w, https:\/\/www.cellarview.ch\/wp-content\/uploads\/2022\/02\/WSPOP-1-239x300.jpg 239w, https:\/\/www.cellarview.ch\/wp-content\/uploads\/2022\/02\/WSPOP-1-768x965.jpg 768w\" sizes=\"(max-width: 429px) 100vw, 429px\" \/><\/p>\n<p><img decoding=\"async\" loading=\"lazy\" class=\"wp-image-1736 aligncenter\" src=\"https:\/\/www.cellarview.ch\/wp-content\/uploads\/2022\/02\/WSPOP2-1.jpg\" alt=\"\" width=\"427\" height=\"555\" srcset=\"https:\/\/www.cellarview.ch\/wp-content\/uploads\/2022\/02\/WSPOP2-1.jpg 744w, https:\/\/www.cellarview.ch\/wp-content\/uploads\/2022\/02\/WSPOP2-1-231x300.jpg 231w\" sizes=\"(max-width: 427px) 100vw, 427px\" \/><\/p>\n<p>&nbsp;<\/p>\n<p>&nbsp;<\/p>","protected":false},"excerpt":{"rendered":"<p>Le CellarView WPOP Display (noir uniquement) unit est utilis\u00e9 comme une pr\u00e9sentation autonome qui contient 180 bouteilles (9 en hauteur, 3 en profondeur + 18 au-dessus en pr\u00e9sentation). Plusieurs unit\u00e9s peuvent combiner c\u00f4te \u00e0 c\u00f4te ou dos \u00e0 dos pour cr\u00e9er un affichage complet. Dimensions : H 114 x L 100 x P 62 cm. &hellip; <a href=\"https:\/\/www.cellarview.ch\/fr\/speciales\/wpop-display\/\" class=\"more-link\">Continuer la lecture<span class=\"screen-reader-text\"> de <span class=\"screen-reader-text\">WPOP Display<\/span><\/span>&nbsp;<span class=\"meta-nav\">&rarr;<\/span><\/a><\/p>\n","protected":false},"author":1,"featured_media":0,"parent":580,"menu_order":2,"comment_status":"closed","ping_status":"closed","template":"","meta":[],"_links":{"self":[{"href":"https:\/\/www.cellarview.ch\/fr\/wp-json\/wp\/v2\/pages\/902"}],"collection":[{"href":"https:\/\/www.cellarview.ch\/fr\/wp-json\/wp\/v2\/pages"}],"about":[{"href":"https:\/\/www.cellarview.ch\/fr\/wp-json\/wp\/v2\/types\/page"}],"author":[{"embeddable":true,"href":"https:\/\/www.cellarview.ch\/fr\/wp-json\/wp\/v2\/users\/1"}],"replies":[{"embeddable":true,"href":"https:\/\/www.cellarview.ch\/fr\/wp-json\/wp\/v2\/comments?post=902"}],"version-history":[{"count":6,"href":"https:\/\/www.cellarview.ch\/fr\/wp-json\/wp\/v2\/pages\/902\/revisions"}],"predecessor-version":[{"id":1738,"href":"https:\/\/www.cellarview.ch\/fr\/wp-json\/wp\/v2\/pages\/902\/revisions\/1738"}],"up":[{"embeddable":true,"href":"https:\/\/www.cellarview.ch\/fr\/wp-json\/wp\/v2\/pages\/580"}],"wp:attachment":[{"href":"https:\/\/www.cellarview.ch\/fr\/wp-json\/wp\/v2\/media?parent=902"}],"curies":[{"name":"wp","href":"https:\/\/api.w.org\/{rel}","templated":true}]}}