{"id":923,"date":"2019-03-28T12:34:18","date_gmt":"2019-03-28T11:34:18","guid":{"rendered":"http:\/\/www.cellarview.ch\/?page_id=923"},"modified":"2021-06-22T15:55:27","modified_gmt":"2021-06-22T13:55:27","slug":"rack-a-verres","status":"publish","type":"page","link":"https:\/\/www.cellarview.ch\/fr\/speciales\/rack-a-verres\/","title":{"rendered":"Rack \u00e0 Verres"},"content":{"rendered":"<p><\/p>\n<p id=\"tw-target-text\" class=\"tw-data-text tw-ta tw-text-small\" dir=\"ltr\" style=\"text-align: justify;\" data-placeholder=\"Traduction\"><span lang=\"fr\" tabindex=\"0\">Compl\u00e9ment \u00e9l\u00e9gant de la s\u00e9rie CellarView, cette unit\u00e9 murale de 33 cm de large int\u00e8gre vos verres \u00e0 pied dans un design pratique.<\/span><\/p>\n<p class=\"tw-data-text tw-ta tw-text-small\" dir=\"ltr\" style=\"text-align: justify;\" data-placeholder=\"Traduction\"><span lang=\"fr\" tabindex=\"0\">Le support standard \u00e0 6 verres \u00e0 pied se pose agr\u00e9ablement au-dessus ou au-dessous d&rsquo;une colonne de bouteilles et peut s&rsquo;\u00e9tendre de mani\u00e8re modulaire pour r\u00e9pondre aux besoins de votre pr\u00e9sentoir (chaque unit\u00e9 suppl\u00e9mentaire ajoutant 9 verres suppl\u00e9mentaires). \u00c9galement disponible en 4 verres.<\/span><\/p>\n<h6 style=\"text-align: center;\"><strong>4 verres stemware &#8211; <\/strong><strong>Noir \/ Fr. 49.00 &#8211; Inox \/ Fr. 57.00<br \/>\n<\/strong><\/h6>\n<p><img decoding=\"async\" loading=\"lazy\" class=\"wp-image-1615 aligncenter\" src=\"https:\/\/www.cellarview.ch\/wp-content\/uploads\/2021\/06\/WS-SR-1D-Ka.jpg\" alt=\"\" width=\"207\" height=\"138\" srcset=\"https:\/\/www.cellarview.ch\/wp-content\/uploads\/2021\/06\/WS-SR-1D-Ka.jpg 2124w, https:\/\/www.cellarview.ch\/wp-content\/uploads\/2021\/06\/WS-SR-1D-Ka-300x200.jpg 300w, https:\/\/www.cellarview.ch\/wp-content\/uploads\/2021\/06\/WS-SR-1D-Ka-768x511.jpg 768w, https:\/\/www.cellarview.ch\/wp-content\/uploads\/2021\/06\/WS-SR-1D-Ka-1024x682.jpg 1024w\" sizes=\"(max-width: 207px) 100vw, 207px\" \/><\/p>\n<h6 style=\"text-align: center;\"><strong>6 verres stemware &#8211; <\/strong>Noir \/ Fr. 53.00 &#8211; Inox \/ Fr. 60.00<\/h6>\n<p><img decoding=\"async\" loading=\"lazy\" class=\"wp-image-1617 aligncenter\" src=\"https:\/\/www.cellarview.ch\/wp-content\/uploads\/2021\/06\/WS-SR-Ka.jpg\" alt=\"\" width=\"218\" height=\"145\" srcset=\"https:\/\/www.cellarview.ch\/wp-content\/uploads\/2021\/06\/WS-SR-Ka.jpg 1855w, https:\/\/www.cellarview.ch\/wp-content\/uploads\/2021\/06\/WS-SR-Ka-300x200.jpg 300w, https:\/\/www.cellarview.ch\/wp-content\/uploads\/2021\/06\/WS-SR-Ka-768x511.jpg 768w, https:\/\/www.cellarview.ch\/wp-content\/uploads\/2021\/06\/WS-SR-Ka-1024x682.jpg 1024w\" sizes=\"(max-width: 218px) 100vw, 218px\" \/> \u00a0 \u00a0\u00a0 <img decoding=\"async\" loading=\"lazy\" class=\"wp-image-1616 aligncenter\" src=\"https:\/\/www.cellarview.ch\/wp-content\/uploads\/2021\/06\/WS-SR-CHa.jpg\" alt=\"\" width=\"220\" height=\"146\" srcset=\"https:\/\/www.cellarview.ch\/wp-content\/uploads\/2021\/06\/WS-SR-CHa.jpg 1995w, https:\/\/www.cellarview.ch\/wp-content\/uploads\/2021\/06\/WS-SR-CHa-300x200.jpg 300w, https:\/\/www.cellarview.ch\/wp-content\/uploads\/2021\/06\/WS-SR-CHa-768x511.jpg 768w, https:\/\/www.cellarview.ch\/wp-content\/uploads\/2021\/06\/WS-SR-CHa-1024x682.jpg 1024w\" sizes=\"(max-width: 220px) 100vw, 220px\" \/><\/p>\n<p>&nbsp;<\/p>\n<p>&nbsp;<\/p>","protected":false},"excerpt":{"rendered":"<p>Compl\u00e9ment \u00e9l\u00e9gant de la s\u00e9rie CellarView, cette unit\u00e9 murale de 33 cm de large int\u00e8gre vos verres \u00e0 pied dans un design pratique. Le support standard \u00e0 6 verres \u00e0 pied se pose agr\u00e9ablement au-dessus ou au-dessous d&rsquo;une colonne de bouteilles et peut s&rsquo;\u00e9tendre de mani\u00e8re modulaire pour r\u00e9pondre aux besoins de votre pr\u00e9sentoir (chaque &hellip; <a href=\"https:\/\/www.cellarview.ch\/fr\/speciales\/rack-a-verres\/\" class=\"more-link\">Continuer la lecture<span class=\"screen-reader-text\"> de <span class=\"screen-reader-text\">Rack \u00e0 Verres<\/span><\/span>&nbsp;<span class=\"meta-nav\">&rarr;<\/span><\/a><\/p>\n","protected":false},"author":1,"featured_media":0,"parent":580,"menu_order":6,"comment_status":"closed","ping_status":"closed","template":"","meta":[],"_links":{"self":[{"href":"https:\/\/www.cellarview.ch\/fr\/wp-json\/wp\/v2\/pages\/923"}],"collection":[{"href":"https:\/\/www.cellarview.ch\/fr\/wp-json\/wp\/v2\/pages"}],"about":[{"href":"https:\/\/www.cellarview.ch\/fr\/wp-json\/wp\/v2\/types\/page"}],"author":[{"embeddable":true,"href":"https:\/\/www.cellarview.ch\/fr\/wp-json\/wp\/v2\/users\/1"}],"replies":[{"embeddable":true,"href":"https:\/\/www.cellarview.ch\/fr\/wp-json\/wp\/v2\/comments?post=923"}],"version-history":[{"count":5,"href":"https:\/\/www.cellarview.ch\/fr\/wp-json\/wp\/v2\/pages\/923\/revisions"}],"predecessor-version":[{"id":1622,"href":"https:\/\/www.cellarview.ch\/fr\/wp-json\/wp\/v2\/pages\/923\/revisions\/1622"}],"up":[{"embeddable":true,"href":"https:\/\/www.cellarview.ch\/fr\/wp-json\/wp\/v2\/pages\/580"}],"wp:attachment":[{"href":"https:\/\/www.cellarview.ch\/fr\/wp-json\/wp\/v2\/media?parent=923"}],"curies":[{"name":"wp","href":"https:\/\/api.w.org\/{rel}","templated":true}]}}