{"id":926,"date":"2019-03-28T12:46:42","date_gmt":"2019-03-28T11:46:42","guid":{"rendered":"http:\/\/www.cellarview.ch\/?page_id=926"},"modified":"2022-02-09T14:54:58","modified_gmt":"2022-02-09T13:54:58","slug":"english-mini-fc","status":"publish","type":"page","link":"https:\/\/www.cellarview.ch\/fr\/speciales\/english-mini-fc\/","title":{"rendered":"Mini VP"},"content":{"rendered":"<p><\/p>\n<div class=\"oSioSc\">\n<div id=\"tw-target\">\n<div id=\"tw-target-text-container\" class=\"gsrt tw-ta-container tw-nfl\">\n<p id=\"tw-target-text\" class=\"tw-data-text tw-ta tw-text-small\" dir=\"ltr\" style=\"text-align: justify;\" data-placeholder=\"Traduction\"><span lang=\"fr\" tabindex=\"0\">Laissez votre vin flotter sur le mur avec le support \u00e0 vin le plus minimaliste de la gamme <strong>CellarView<\/strong>. Le <strong>Mini VP<\/strong> stocke le vin de mani\u00e8re classique, mais de la mani\u00e8re la plus contemporaine qui soit. Ces pr\u00e9sentoirs sont dot\u00e9s de tiges ultra minces sortant du mur, permettant ainsi aux bouteilles de flotter dans l&rsquo;air. <\/span><\/p>\n<\/div>\n<p dir=\"ltr\" data-placeholder=\"Traduction\"><img decoding=\"async\" loading=\"lazy\" class=\"alignnone size-full wp-image-1748\" src=\"https:\/\/www.cellarview.ch\/wp-content\/uploads\/2022\/02\/Vine-Pins.jpg\" alt=\"\" width=\"700\" height=\"394\" srcset=\"https:\/\/www.cellarview.ch\/wp-content\/uploads\/2022\/02\/Vine-Pins.jpg 700w, https:\/\/www.cellarview.ch\/wp-content\/uploads\/2022\/02\/Vine-Pins-300x169.jpg 300w\" sizes=\"(max-width: 700px) 100vw, 700px\" \/><\/p>\n<div id=\"tw-target-text-container\" class=\"gsrt tw-ta-container tw-nfl\">\n<p class=\"tw-data-text tw-ta tw-text-small\" dir=\"ltr\" style=\"text-align: justify;\" data-placeholder=\"Traduction\"><span lang=\"fr\" tabindex=\"0\"><strong>Mini VP<\/strong> cr\u00e9e de superbes pr\u00e9sentation de vins pour les priv\u00e9s ou les commerciaux. Existe en <strong>aluminium, noir ou acrylique<\/strong>.<\/span><\/p>\n<p class=\"tw-data-text tw-ta tw-text-small\" dir=\"ltr\" data-placeholder=\"Traduction\"><span lang=\"fr\" tabindex=\"0\">Dimensions : H 10.5 x L 33 x P 11.5 cm.<\/span><\/p>\n<\/div>\n<p dir=\"ltr\" data-placeholder=\"Traduction\"><span lang=\"fr\">\u2013 Fixation sur mur <strong>en bois\/ b\u00e9ton (sans collerette)<\/strong>.<br \/>\n\u2013 Fixation sur mur <strong>en pl\u00e2tre (avec collerette)<\/strong>.<\/span><\/p>\n<\/div>\n<\/div>\n<p><img decoding=\"async\" loading=\"lazy\" class=\"size-full wp-image-1755 aligncenter\" src=\"https:\/\/www.cellarview.ch\/wp-content\/uploads\/2019\/03\/Mini-Pins.jpg\" alt=\"\" width=\"1580\" height=\"1054\" srcset=\"https:\/\/www.cellarview.ch\/wp-content\/uploads\/2019\/03\/Mini-Pins.jpg 1580w, https:\/\/www.cellarview.ch\/wp-content\/uploads\/2019\/03\/Mini-Pins-300x200.jpg 300w, https:\/\/www.cellarview.ch\/wp-content\/uploads\/2019\/03\/Mini-Pins-768x512.jpg 768w, https:\/\/www.cellarview.ch\/wp-content\/uploads\/2019\/03\/Mini-Pins-1024x683.jpg 1024w\" sizes=\"(max-width: 1580px) 100vw, 1580px\" \/><\/p>\n<div class=\"oSioSc\">\n<div id=\"tw-target\">\n<p>&nbsp;<\/p>\n<\/div>\n<\/div>\n<p><\/p>","protected":false},"excerpt":{"rendered":"<p>Laissez votre vin flotter sur le mur avec le support \u00e0 vin le plus minimaliste de la gamme CellarView. Le Mini VP stocke le vin de mani\u00e8re classique, mais de la mani\u00e8re la plus contemporaine qui soit. Ces pr\u00e9sentoirs sont dot\u00e9s de tiges ultra minces sortant du mur, permettant ainsi aux bouteilles de flotter dans &hellip; <a href=\"https:\/\/www.cellarview.ch\/fr\/speciales\/english-mini-fc\/\" class=\"more-link\">Continuer la lecture<span class=\"screen-reader-text\"> de <span class=\"screen-reader-text\">Mini VP<\/span><\/span>&nbsp;<span class=\"meta-nav\">&rarr;<\/span><\/a><\/p>\n","protected":false},"author":1,"featured_media":0,"parent":580,"menu_order":6,"comment_status":"closed","ping_status":"closed","template":"","meta":[],"_links":{"self":[{"href":"https:\/\/www.cellarview.ch\/fr\/wp-json\/wp\/v2\/pages\/926"}],"collection":[{"href":"https:\/\/www.cellarview.ch\/fr\/wp-json\/wp\/v2\/pages"}],"about":[{"href":"https:\/\/www.cellarview.ch\/fr\/wp-json\/wp\/v2\/types\/page"}],"author":[{"embeddable":true,"href":"https:\/\/www.cellarview.ch\/fr\/wp-json\/wp\/v2\/users\/1"}],"replies":[{"embeddable":true,"href":"https:\/\/www.cellarview.ch\/fr\/wp-json\/wp\/v2\/comments?post=926"}],"version-history":[{"count":6,"href":"https:\/\/www.cellarview.ch\/fr\/wp-json\/wp\/v2\/pages\/926\/revisions"}],"predecessor-version":[{"id":1762,"href":"https:\/\/www.cellarview.ch\/fr\/wp-json\/wp\/v2\/pages\/926\/revisions\/1762"}],"up":[{"embeddable":true,"href":"https:\/\/www.cellarview.ch\/fr\/wp-json\/wp\/v2\/pages\/580"}],"wp:attachment":[{"href":"https:\/\/www.cellarview.ch\/fr\/wp-json\/wp\/v2\/media?parent=926"}],"curies":[{"name":"wp","href":"https:\/\/api.w.org\/{rel}","templated":true}]}}