{"id":953,"date":"2019-03-28T14:06:54","date_gmt":"2019-03-28T13:06:54","guid":{"rendered":"http:\/\/www.cellarview.ch\/?page_id=953"},"modified":"2021-03-09T15:50:27","modified_gmt":"2021-03-09T14:50:27","slug":"ws1","status":"publish","type":"page","link":"https:\/\/www.cellarview.ch\/fr\/rack-noir\/ws1\/","title":{"rendered":"WS3 Noir"},"content":{"rendered":"<p><\/p>\n<div id=\"bcenter\">\n<div class=\"col\">\n<div class=\"oSioSc\">\n<div id=\"tw-target\">\n<div id=\"tw-target-text-container\" class=\"gsrt tw-ta-container tw-nfl\">\n<p id=\"tw-target-text\" class=\"tw-data-text tw-ta tw-text-small\" dir=\"ltr\" style=\"text-align: justify;\" data-placeholder=\"Traduction\"><span lang=\"fr\" tabindex=\"0\">La s\u00e9rie WS3 propose des supports \u00e0 bouteille d&rsquo;une hauteur de 3 bouteilles et d&rsquo;une capacit\u00e9 de :<\/span><\/p>\n<p dir=\"ltr\" data-placeholder=\"Traduction\"><strong>WS11: 3 bouteilles (1 profondeur)<\/strong><br \/>\n<strong>WS12: 6 bouteilles (2 profondeurs)<\/strong><br \/>\n<strong>WS13: 9 bouteilles (3 profondeurs)<\/strong><\/p>\n<\/div>\n<\/div>\n<p dir=\"ltr\" style=\"text-align: justify;\" data-placeholder=\"Traduction\">Chaque support \u00e0 deux montants \u2013 un pour supporter la base et l\u2019autre le col de la bouteille. Ceux-ci sont fix\u00e9s individuellement dans le mur. Ces supports \u00e0 bouteilles sont facile d\u2019installation (3 vis dans chaque montant <strong>non inclus<\/strong>) et peuvent \u00eatre utilis\u00e9s pour stocker les bouteilles de vin dans n\u2019importe quel espace.<\/p>\n<p dir=\"ltr\" data-placeholder=\"Traduction\"><img decoding=\"async\" loading=\"lazy\" class=\"wp-image-1576 aligncenter\" src=\"https:\/\/www.cellarview.ch\/wp-content\/uploads\/2021\/03\/ws13_lifestyle.jpg\" alt=\"\" width=\"512\" height=\"378\" srcset=\"https:\/\/www.cellarview.ch\/wp-content\/uploads\/2021\/03\/ws13_lifestyle.jpg 700w, https:\/\/www.cellarview.ch\/wp-content\/uploads\/2021\/03\/ws13_lifestyle-300x222.jpg 300w\" sizes=\"(max-width: 512px) 100vw, 512px\" \/><\/p>\n<\/div>\n<\/div>\n<\/div>\n<div><\/div>\n<div><\/div>\n<div><\/div>\n<div class=\"col\">\n<div id=\"center_col\">\n<div id=\"taw\">\n<div>\n<div class=\"med\"><\/div>\n<\/div>\n<div id=\"tvcap\"><\/div>\n<\/div>\n<div id=\"res\" class=\"med\" role=\"main\">\n<div id=\"search\">\n<div data-ved=\"0ahUKEwjpvN7x8qThAhUJH5oKHRAzBTgQGggp\">\n<div id=\"ires\" data-async-context=\"query:traduction\">\n<div id=\"rso\">\n<div class=\"bkWMgd\">\n<div class=\"g knavi obcontainer mod\" data-md=\"77\" data-hveid=\"CAoQAA\" data-ved=\"2ahUKEwjpvN7x8qThAhUJH5oKHRAzBTgQkCkwAHoECAoQAA\">\n<div data-hveid=\"CAoQAQ\">\n<div id=\"tw-container\" class=\"vk_c\" data-cp=\"1\" data-exp=\"1\" data-nnttsvi=\"1\" data-nttsd=\"1\" data-sm=\"1\" data-uilc=\"fr\" data-ulf=\"1\">\n<div id=\"uid_1\" class=\"r-im2PFdQ_amJw xpdbox xpdclose\">\n<div class=\"vk_bk r-i_YDXHCS8BqE\">\n<div id=\"tw-ob\">\n<div id=\"tw-source\">\n<div id=\"u4EBdf\" class=\"tw-lang-selector-wrapper\"><\/div>\n<\/div>\n<\/div>\n<\/div>\n<\/div>\n<\/div>\n<\/div>\n<\/div>\n<\/div>\n<\/div>\n<\/div>\n<\/div>\n<\/div>\n<\/div>\n<\/div>\n<\/div>\n<div id=\"tw-source\"><\/div>\n<p><\/p>","protected":false},"excerpt":{"rendered":"<p>La s\u00e9rie WS3 propose des supports \u00e0 bouteille d&rsquo;une hauteur de 3 bouteilles et d&rsquo;une capacit\u00e9 de : WS11: 3 bouteilles (1 profondeur) WS12: 6 bouteilles (2 profondeurs) WS13: 9 bouteilles (3 profondeurs) Chaque support \u00e0 deux montants \u2013 un pour supporter la base et l\u2019autre le col de la bouteille. Ceux-ci sont fix\u00e9s individuellement &hellip; <a href=\"https:\/\/www.cellarview.ch\/fr\/rack-noir\/ws1\/\" class=\"more-link\">Continuer la lecture<span class=\"screen-reader-text\"> de <span class=\"screen-reader-text\">WS3 Noir<\/span><\/span>&nbsp;<span class=\"meta-nav\">&rarr;<\/span><\/a><\/p>\n","protected":false},"author":1,"featured_media":0,"parent":24,"menu_order":1,"comment_status":"closed","ping_status":"closed","template":"","meta":[],"_links":{"self":[{"href":"https:\/\/www.cellarview.ch\/fr\/wp-json\/wp\/v2\/pages\/953"}],"collection":[{"href":"https:\/\/www.cellarview.ch\/fr\/wp-json\/wp\/v2\/pages"}],"about":[{"href":"https:\/\/www.cellarview.ch\/fr\/wp-json\/wp\/v2\/types\/page"}],"author":[{"embeddable":true,"href":"https:\/\/www.cellarview.ch\/fr\/wp-json\/wp\/v2\/users\/1"}],"replies":[{"embeddable":true,"href":"https:\/\/www.cellarview.ch\/fr\/wp-json\/wp\/v2\/comments?post=953"}],"version-history":[{"count":13,"href":"https:\/\/www.cellarview.ch\/fr\/wp-json\/wp\/v2\/pages\/953\/revisions"}],"predecessor-version":[{"id":1577,"href":"https:\/\/www.cellarview.ch\/fr\/wp-json\/wp\/v2\/pages\/953\/revisions\/1577"}],"up":[{"embeddable":true,"href":"https:\/\/www.cellarview.ch\/fr\/wp-json\/wp\/v2\/pages\/24"}],"wp:attachment":[{"href":"https:\/\/www.cellarview.ch\/fr\/wp-json\/wp\/v2\/media?parent=953"}],"curies":[{"name":"wp","href":"https:\/\/api.w.org\/{rel}","templated":true}]}}